{"id":4532,"date":"2024-04-26T14:32:16","date_gmt":"2024-04-26T12:32:16","guid":{"rendered":"https:\/\/taniere3d.com\/?post_type=product&#038;p=4532"},"modified":"2026-04-10T16:19:19","modified_gmt":"2026-04-10T14:19:19","slug":"porte-nom-en-bois","status":"publish","type":"product","link":"https:\/\/taniere3d.com\/en\/product\/porte-nom-en-bois\/","title":{"rendered":"Porte-nom en bois"},"content":{"rendered":"<p>D\u00e9couvrez notre porte-nom en bois personnalis\u00e9, magnifiquement grav\u00e9 au laser selon vos pr\u00e9f\u00e9rences.<\/p>\n<p>Ajoutez une touche d&#8217;\u00e9l\u00e9gance \u00e0 vos \u00e9v\u00e9nements sp\u00e9ciaux, conf\u00e9rences ou tables de f\u00eate avec ce porte-nom unique. Fabriqu\u00e9 \u00e0 partir de bois de haute qualit\u00e9, chaque pi\u00e8ce est soigneusement travaill\u00e9e pour offrir une finition exceptionnelle.<\/p>\n<p>Personnalisez-le avec des noms, des initiales ou des messages pour cr\u00e9er un souvenir m\u00e9morable et pratique. Que ce soit pour un mariage, un \u00e9v\u00e9nement d&#8217;entreprise ou une f\u00eate, notre porte-nom en bois grav\u00e9 au laser ajoutera une touche distinctive \u00e0 votre d\u00e9coration.<\/p>\n<p>Commandez d\u00e8s maintenant pour une personnalisation sur mesure et une livraison rapide.<\/p>\n","protected":false},"excerpt":{"rendered":"<p>D\u00e9couvrez notre porte-nom en bois personnalis\u00e9, magnifiquement grav\u00e9 au laser selon vos pr\u00e9f\u00e9rences. Ajoutez une touche d&#8217;\u00e9l\u00e9gance \u00e0 vos \u00e9v\u00e9nements sp\u00e9ciaux, conf\u00e9rences ou tables de f\u00eate avec ce porte-nom unique. Fabriqu\u00e9 \u00e0 partir de bois de haute qualit\u00e9, chaque pi\u00e8ce est soigneusement travaill\u00e9e pour offrir une finition exceptionnelle. Personnalisez-le avec des noms, des initiales ou&#8230;<\/p>\n","protected":false},"featured_media":4559,"comment_status":"open","ping_status":"closed","template":"","meta":{"_kad_blocks_custom_css":"","_kad_blocks_head_custom_js":"","_kad_blocks_body_custom_js":"","_kad_blocks_footer_custom_js":"","_kad_post_transparent":"default","_kad_post_title":"","_kad_post_layout":"default","_kad_post_sidebar_id":"","_kad_post_content_style":"default","_kad_post_vertical_padding":"default","_kad_post_feature":"","_kad_post_feature_position":"","_kad_post_header":false,"_kad_post_footer":false,"_kad_post_classname":""},"product_brand":[],"product_cat":[749],"product_tag":[],"class_list":{"0":"post-4532","1":"product","2":"type-product","3":"status-publish","4":"has-post-thumbnail","6":"product_cat-bureau-decoration","8":"first","9":"instock","10":"shipping-taxable","11":"purchasable","12":"product-type-simple","13":"entry","14":"content-bg","15":"loop-entry"},"yoast_head":"<!-- This site is optimized with the Yoast SEO Premium plugin v22.0 (Yoast SEO v27.5) - https:\/\/yoast.com\/product\/yoast-seo-premium-wordpress\/ -->\n<title>Porte-nom en bois - TANIERE 3D<\/title>\n<meta name=\"robots\" content=\"index, follow, max-snippet:-1, max-image-preview:large, max-video-preview:-1\" \/>\n<link rel=\"canonical\" href=\"https:\/\/taniere3d.com\/en\/product\/porte-nom-en-bois\/\" \/>\n<meta property=\"og:locale\" content=\"en_US\" \/>\n<meta property=\"og:type\" content=\"article\" \/>\n<meta property=\"og:title\" content=\"Porte-nom en bois\" \/>\n<meta property=\"og:description\" content=\"D\u00e9couvrez notre porte-nom en bois personnalis\u00e9, magnifiquement grav\u00e9 au laser selon vos pr\u00e9f\u00e9rences. Ajoutez une touche d&#8217;\u00e9l\u00e9gance \u00e0 vos \u00e9v\u00e9nements sp\u00e9ciaux, conf\u00e9rences ou tables de f\u00eate avec ce porte-nom unique. Fabriqu\u00e9 \u00e0 partir de bois de haute qualit\u00e9, chaque pi\u00e8ce est soigneusement travaill\u00e9e pour offrir une finition exceptionnelle. Personnalisez-le avec des noms, des initiales ou...\" \/>\n<meta property=\"og:url\" content=\"https:\/\/taniere3d.com\/en\/product\/porte-nom-en-bois\/\" \/>\n<meta property=\"og:site_name\" content=\"TANIERE 3D\" \/>\n<meta property=\"article:publisher\" content=\"https:\/\/www.facebook.com\/Taniere3D.fr\/\" \/>\n<meta property=\"article:modified_time\" content=\"2026-04-10T14:19:19+00:00\" \/>\n<meta property=\"og:image\" content=\"https:\/\/taniere3d.com\/wp-content\/uploads\/2024\/04\/Porte-nom-Taniere-3D-scaled.jpg\" \/>\n\t<meta property=\"og:image:width\" content=\"2560\" \/>\n\t<meta property=\"og:image:height\" content=\"1707\" \/>\n\t<meta property=\"og:image:type\" content=\"image\/jpeg\" \/>\n<meta name=\"twitter:card\" content=\"summary_large_image\" \/>\n<meta name=\"twitter:label1\" content=\"Price\" \/>\n\t<meta name=\"twitter:data1\" content=\"8,00&nbsp;&euro;\" \/>\n\t<meta name=\"twitter:label2\" content=\"Availability\" \/>\n\t<meta name=\"twitter:data2\" content=\"In stock\" \/>\n<script type=\"application\/ld+json\" class=\"yoast-schema-graph\">{\"@context\":\"https:\\\/\\\/schema.org\",\"@graph\":[{\"@type\":\"WebPage\",\"@id\":\"https:\\\/\\\/taniere3d.com\\\/en\\\/product\\\/porte-nom-en-bois\\\/\",\"url\":\"https:\\\/\\\/taniere3d.com\\\/en\\\/product\\\/porte-nom-en-bois\\\/\",\"name\":\"Porte-nom en bois - TANIERE 3D\",\"isPartOf\":{\"@id\":\"https:\\\/\\\/taniere3d.com\\\/en\\\/#website\"},\"primaryImageOfPage\":{\"@id\":\"https:\\\/\\\/taniere3d.com\\\/en\\\/product\\\/porte-nom-en-bois\\\/#primaryimage\"},\"image\":{\"@id\":\"https:\\\/\\\/taniere3d.com\\\/en\\\/product\\\/porte-nom-en-bois\\\/#primaryimage\"},\"thumbnailUrl\":\"https:\\\/\\\/taniere3d.com\\\/wp-content\\\/uploads\\\/2024\\\/04\\\/Porte-nom-Taniere-3D-scaled.jpg\",\"datePublished\":\"2024-04-26T12:32:16+00:00\",\"dateModified\":\"2026-04-10T14:19:19+00:00\",\"breadcrumb\":{\"@id\":\"https:\\\/\\\/taniere3d.com\\\/en\\\/product\\\/porte-nom-en-bois\\\/#breadcrumb\"},\"inLanguage\":\"en-US\",\"potentialAction\":[{\"@type\":\"ReadAction\",\"target\":[\"https:\\\/\\\/taniere3d.com\\\/en\\\/product\\\/porte-nom-en-bois\\\/\"]}]},{\"@type\":\"ImageObject\",\"inLanguage\":\"en-US\",\"@id\":\"https:\\\/\\\/taniere3d.com\\\/en\\\/product\\\/porte-nom-en-bois\\\/#primaryimage\",\"url\":\"https:\\\/\\\/taniere3d.com\\\/wp-content\\\/uploads\\\/2024\\\/04\\\/Porte-nom-Taniere-3D-scaled.jpg\",\"contentUrl\":\"https:\\\/\\\/taniere3d.com\\\/wp-content\\\/uploads\\\/2024\\\/04\\\/Porte-nom-Taniere-3D-scaled.jpg\",\"width\":2560,\"height\":1707},{\"@type\":\"BreadcrumbList\",\"@id\":\"https:\\\/\\\/taniere3d.com\\\/en\\\/product\\\/porte-nom-en-bois\\\/#breadcrumb\",\"itemListElement\":[{\"@type\":\"ListItem\",\"position\":1,\"name\":\"Accueil\",\"item\":\"https:\\\/\\\/taniere3d.com\\\/en\\\/\"},{\"@type\":\"ListItem\",\"position\":2,\"name\":\"Shop\",\"item\":\"https:\\\/\\\/taniere3d.com\\\/en\\\/shop\\\/\"},{\"@type\":\"ListItem\",\"position\":3,\"name\":\"Porte-nom en bois\"}]},{\"@type\":\"WebSite\",\"@id\":\"https:\\\/\\\/taniere3d.com\\\/en\\\/#website\",\"url\":\"https:\\\/\\\/taniere3d.com\\\/en\\\/\",\"name\":\"TANIERE 3D\",\"description\":\"Artisan in 3D Printing & Laser Engraving\",\"publisher\":{\"@id\":\"https:\\\/\\\/taniere3d.com\\\/en\\\/#organization\"},\"alternateName\":\"Taniere3D\",\"potentialAction\":[{\"@type\":\"SearchAction\",\"target\":{\"@type\":\"EntryPoint\",\"urlTemplate\":\"https:\\\/\\\/taniere3d.com\\\/en\\\/?s={search_term_string}\"},\"query-input\":{\"@type\":\"PropertyValueSpecification\",\"valueRequired\":true,\"valueName\":\"search_term_string\"}}],\"inLanguage\":\"en-US\"},{\"@type\":\"Organization\",\"@id\":\"https:\\\/\\\/taniere3d.com\\\/en\\\/#organization\",\"name\":\"Taniere 3D\",\"alternateName\":\"Taniere 3D\",\"url\":\"https:\\\/\\\/taniere3d.com\\\/en\\\/\",\"logo\":{\"@type\":\"ImageObject\",\"inLanguage\":\"en-US\",\"@id\":\"https:\\\/\\\/taniere3d.com\\\/en\\\/#\\\/schema\\\/logo\\\/image\\\/\",\"url\":\"https:\\\/\\\/taniere3d.com\\\/wp-content\\\/uploads\\\/2024\\\/01\\\/logo.png\",\"contentUrl\":\"https:\\\/\\\/taniere3d.com\\\/wp-content\\\/uploads\\\/2024\\\/01\\\/logo.png\",\"width\":448,\"height\":439,\"caption\":\"Taniere 3D\"},\"image\":{\"@id\":\"https:\\\/\\\/taniere3d.com\\\/en\\\/#\\\/schema\\\/logo\\\/image\\\/\"},\"sameAs\":[\"https:\\\/\\\/www.facebook.com\\\/Taniere3D.fr\\\/\",\"https:\\\/\\\/www.instagram.com\\\/Taniere3D\\\/\",\"https:\\\/\\\/www.pinterest.fr\\\/taniere3d\\\/\"],\"email\":\"taniere3d@gmail.com\",\"legalName\":\"NICOLAS PANETTA\",\"foundingDate\":\"2022-03-14\",\"vatID\":\"FR53911467918\",\"numberOfEmployees\":{\"@type\":\"QuantitativeValue\",\"minValue\":\"1\",\"maxValue\":\"10\"}}]}<\/script>\n<meta property=\"product:price:amount\" content=\"8.00\" \/>\n<meta property=\"product:price:currency\" content=\"EUR\" \/>\n<meta property=\"og:availability\" content=\"instock\" \/>\n<meta property=\"product:availability\" content=\"instock\" \/>\n<meta property=\"product:condition\" content=\"new\" \/>\n<!-- \/ Yoast SEO Premium plugin. -->","yoast_head_json":{"title":"Porte-nom en bois - TANIERE 3D","robots":{"index":"index","follow":"follow","max-snippet":"max-snippet:-1","max-image-preview":"max-image-preview:large","max-video-preview":"max-video-preview:-1"},"canonical":"https:\/\/taniere3d.com\/en\/product\/porte-nom-en-bois\/","og_locale":"en_US","og_type":"article","og_title":"Porte-nom en bois","og_description":"D\u00e9couvrez notre porte-nom en bois personnalis\u00e9, magnifiquement grav\u00e9 au laser selon vos pr\u00e9f\u00e9rences. Ajoutez une touche d&#8217;\u00e9l\u00e9gance \u00e0 vos \u00e9v\u00e9nements sp\u00e9ciaux, conf\u00e9rences ou tables de f\u00eate avec ce porte-nom unique. Fabriqu\u00e9 \u00e0 partir de bois de haute qualit\u00e9, chaque pi\u00e8ce est soigneusement travaill\u00e9e pour offrir une finition exceptionnelle. Personnalisez-le avec des noms, des initiales ou...","og_url":"https:\/\/taniere3d.com\/en\/product\/porte-nom-en-bois\/","og_site_name":"TANIERE 3D","article_publisher":"https:\/\/www.facebook.com\/Taniere3D.fr\/","article_modified_time":"2026-04-10T14:19:19+00:00","og_image":[{"width":2560,"height":1707,"url":"https:\/\/taniere3d.com\/wp-content\/uploads\/2024\/04\/Porte-nom-Taniere-3D-scaled.jpg","type":"image\/jpeg"}],"twitter_card":"summary_large_image","twitter_misc":{"Price":"8,00&nbsp;&euro;","Availability":"In stock"},"schema":{"@context":"https:\/\/schema.org","@graph":[{"@type":"WebPage","@id":"https:\/\/taniere3d.com\/en\/product\/porte-nom-en-bois\/","url":"https:\/\/taniere3d.com\/en\/product\/porte-nom-en-bois\/","name":"Porte-nom en bois - TANIERE 3D","isPartOf":{"@id":"https:\/\/taniere3d.com\/en\/#website"},"primaryImageOfPage":{"@id":"https:\/\/taniere3d.com\/en\/product\/porte-nom-en-bois\/#primaryimage"},"image":{"@id":"https:\/\/taniere3d.com\/en\/product\/porte-nom-en-bois\/#primaryimage"},"thumbnailUrl":"https:\/\/taniere3d.com\/wp-content\/uploads\/2024\/04\/Porte-nom-Taniere-3D-scaled.jpg","datePublished":"2024-04-26T12:32:16+00:00","dateModified":"2026-04-10T14:19:19+00:00","breadcrumb":{"@id":"https:\/\/taniere3d.com\/en\/product\/porte-nom-en-bois\/#breadcrumb"},"inLanguage":"en-US","potentialAction":[{"@type":"ReadAction","target":["https:\/\/taniere3d.com\/en\/product\/porte-nom-en-bois\/"]}]},{"@type":"ImageObject","inLanguage":"en-US","@id":"https:\/\/taniere3d.com\/en\/product\/porte-nom-en-bois\/#primaryimage","url":"https:\/\/taniere3d.com\/wp-content\/uploads\/2024\/04\/Porte-nom-Taniere-3D-scaled.jpg","contentUrl":"https:\/\/taniere3d.com\/wp-content\/uploads\/2024\/04\/Porte-nom-Taniere-3D-scaled.jpg","width":2560,"height":1707},{"@type":"BreadcrumbList","@id":"https:\/\/taniere3d.com\/en\/product\/porte-nom-en-bois\/#breadcrumb","itemListElement":[{"@type":"ListItem","position":1,"name":"Accueil","item":"https:\/\/taniere3d.com\/en\/"},{"@type":"ListItem","position":2,"name":"Shop","item":"https:\/\/taniere3d.com\/en\/shop\/"},{"@type":"ListItem","position":3,"name":"Porte-nom en bois"}]},{"@type":"WebSite","@id":"https:\/\/taniere3d.com\/en\/#website","url":"https:\/\/taniere3d.com\/en\/","name":"TANIERE 3D","description":"Artisan in 3D Printing & Laser Engraving","publisher":{"@id":"https:\/\/taniere3d.com\/en\/#organization"},"alternateName":"Taniere3D","potentialAction":[{"@type":"SearchAction","target":{"@type":"EntryPoint","urlTemplate":"https:\/\/taniere3d.com\/en\/?s={search_term_string}"},"query-input":{"@type":"PropertyValueSpecification","valueRequired":true,"valueName":"search_term_string"}}],"inLanguage":"en-US"},{"@type":"Organization","@id":"https:\/\/taniere3d.com\/en\/#organization","name":"Taniere 3D","alternateName":"Taniere 3D","url":"https:\/\/taniere3d.com\/en\/","logo":{"@type":"ImageObject","inLanguage":"en-US","@id":"https:\/\/taniere3d.com\/en\/#\/schema\/logo\/image\/","url":"https:\/\/taniere3d.com\/wp-content\/uploads\/2024\/01\/logo.png","contentUrl":"https:\/\/taniere3d.com\/wp-content\/uploads\/2024\/01\/logo.png","width":448,"height":439,"caption":"Taniere 3D"},"image":{"@id":"https:\/\/taniere3d.com\/en\/#\/schema\/logo\/image\/"},"sameAs":["https:\/\/www.facebook.com\/Taniere3D.fr\/","https:\/\/www.instagram.com\/Taniere3D\/","https:\/\/www.pinterest.fr\/taniere3d\/"],"email":"taniere3d@gmail.com","legalName":"NICOLAS PANETTA","foundingDate":"2022-03-14","vatID":"FR53911467918","numberOfEmployees":{"@type":"QuantitativeValue","minValue":"1","maxValue":"10"}}]},"product_price_amount":"8.00","product_price_currency":"EUR","og_availability":"instock","product_availability":"instock","product_condition":"new"},"taxonomy_info":{"product_cat":[{"value":749,"label":"Bureau\/D\u00e9coration"}]},"featured_image_src_large":["https:\/\/taniere3d.com\/wp-content\/uploads\/2024\/04\/Porte-nom-Taniere-3D-1024x683.jpg",1024,683,true],"author_info":[],"comment_info":0,"_links":{"self":[{"href":"https:\/\/taniere3d.com\/en\/wp-json\/wp\/v2\/product\/4532","targetHints":{"allow":["GET"]}}],"collection":[{"href":"https:\/\/taniere3d.com\/en\/wp-json\/wp\/v2\/product"}],"about":[{"href":"https:\/\/taniere3d.com\/en\/wp-json\/wp\/v2\/types\/product"}],"replies":[{"embeddable":true,"href":"https:\/\/taniere3d.com\/en\/wp-json\/wp\/v2\/comments?post=4532"}],"wp:featuredmedia":[{"embeddable":true,"href":"https:\/\/taniere3d.com\/en\/wp-json\/wp\/v2\/media\/4559"}],"wp:attachment":[{"href":"https:\/\/taniere3d.com\/en\/wp-json\/wp\/v2\/media?parent=4532"}],"wp:term":[{"taxonomy":"product_brand","embeddable":true,"href":"https:\/\/taniere3d.com\/en\/wp-json\/wp\/v2\/product_brand?post=4532"},{"taxonomy":"product_cat","embeddable":true,"href":"https:\/\/taniere3d.com\/en\/wp-json\/wp\/v2\/product_cat?post=4532"},{"taxonomy":"product_tag","embeddable":true,"href":"https:\/\/taniere3d.com\/en\/wp-json\/wp\/v2\/product_tag?post=4532"}],"curies":[{"name":"wp","href":"https:\/\/api.w.org\/{rel}","templated":true}]}}