{"id":4534,"date":"2024-04-26T14:32:22","date_gmt":"2024-04-26T12:32:22","guid":{"rendered":"https:\/\/taniere3d.com\/?post_type=product&#038;p=4534"},"modified":"2026-04-10T16:19:18","modified_gmt":"2026-04-10T14:19:18","slug":"porte-bloc-a-personnaliser","status":"publish","type":"product","link":"https:\/\/taniere3d.com\/en\/product\/porte-bloc-a-personnaliser\/","title":{"rendered":"Porte Bloc \u00e0 personnaliser"},"content":{"rendered":"<p>D\u00e9couvrez notre porte-bloc en MDF au format A4, un outil essentiel pour organiser vos documents avec facilit\u00e9 et style. Ce porte-bloc est \u00e9quip\u00e9 d&#8217;un clip robuste qui maintient fermement vos feuilles en place, emp\u00eachant ainsi tout risque de perte ou de d\u00e9sordre.<\/p>\n<p>Le rev\u00eatement d&#8217;angle int\u00e9gr\u00e9 prot\u00e8ge vos documents contre les dommages et les pliures, assurant ainsi leur int\u00e9grit\u00e9 et leur pr\u00e9sentation professionnelle. Fabriqu\u00e9 en MDF de haute qualit\u00e9, ce porte-bloc est \u00e0 la fois l\u00e9ger et durable, parfait pour une utilisation quotidienne au bureau, en r\u00e9union ou en d\u00e9placement.<\/p>\n<p>Que vous soyez un professionnel ou un \u00e9tudiant, ce porte-bloc vous permettra de garder vos documents organis\u00e9s et s\u00e9curis\u00e9s. Optez pour la praticit\u00e9 et l&#8217;\u00e9l\u00e9gance avec notre porte-bloc MDF au format A4. Commandez d\u00e8s maintenant et profitez d&#8217;un accessoire indispensable pour votre vie quotidienne.<\/p>\n","protected":false},"excerpt":{"rendered":"<p>D\u00e9couvrez notre porte-bloc en MDF au format A4, un outil essentiel pour organiser vos documents avec facilit\u00e9 et style. Ce porte-bloc est \u00e9quip\u00e9 d&#8217;un clip robuste qui maintient fermement vos feuilles en place, emp\u00eachant ainsi tout risque de perte ou de d\u00e9sordre. Le rev\u00eatement d&#8217;angle int\u00e9gr\u00e9 prot\u00e8ge vos documents contre les dommages et les pliures,&#8230;<\/p>\n","protected":false},"featured_media":4553,"comment_status":"open","ping_status":"closed","template":"","meta":{"_kad_blocks_custom_css":"","_kad_blocks_head_custom_js":"","_kad_blocks_body_custom_js":"","_kad_blocks_footer_custom_js":"","_kad_post_transparent":"default","_kad_post_title":"","_kad_post_layout":"default","_kad_post_sidebar_id":"","_kad_post_content_style":"default","_kad_post_vertical_padding":"default","_kad_post_feature":"","_kad_post_feature_position":"","_kad_post_header":false,"_kad_post_footer":false,"_kad_post_classname":""},"product_brand":[],"product_cat":[749],"product_tag":[],"class_list":{"0":"post-4534","1":"product","2":"type-product","3":"status-publish","4":"has-post-thumbnail","6":"product_cat-bureau-decoration","8":"first","9":"instock","10":"shipping-taxable","11":"purchasable","12":"product-type-simple","13":"entry","14":"content-bg","15":"loop-entry"},"yoast_head":"<!-- This site is optimized with the Yoast SEO Premium plugin v22.0 (Yoast SEO v27.5) - https:\/\/yoast.com\/product\/yoast-seo-premium-wordpress\/ -->\n<title>Porte Bloc \u00e0 personnaliser - TANIERE 3D<\/title>\n<meta name=\"robots\" content=\"index, follow, max-snippet:-1, max-image-preview:large, max-video-preview:-1\" \/>\n<link rel=\"canonical\" href=\"https:\/\/taniere3d.com\/en\/product\/porte-bloc-a-personnaliser\/\" \/>\n<meta property=\"og:locale\" content=\"en_US\" \/>\n<meta property=\"og:type\" content=\"article\" \/>\n<meta property=\"og:title\" content=\"Porte Bloc \u00e0 personnaliser\" \/>\n<meta property=\"og:description\" content=\"D\u00e9couvrez notre porte-bloc en MDF au format A4, un outil essentiel pour organiser vos documents avec facilit\u00e9 et style. Ce porte-bloc est \u00e9quip\u00e9 d&#8217;un clip robuste qui maintient fermement vos feuilles en place, emp\u00eachant ainsi tout risque de perte ou de d\u00e9sordre. Le rev\u00eatement d&#8217;angle int\u00e9gr\u00e9 prot\u00e8ge vos documents contre les dommages et les pliures,...\" \/>\n<meta property=\"og:url\" content=\"https:\/\/taniere3d.com\/en\/product\/porte-bloc-a-personnaliser\/\" \/>\n<meta property=\"og:site_name\" content=\"TANIERE 3D\" \/>\n<meta property=\"article:publisher\" content=\"https:\/\/www.facebook.com\/Taniere3D.fr\/\" \/>\n<meta property=\"article:modified_time\" content=\"2026-04-10T14:19:18+00:00\" \/>\n<meta property=\"og:image\" content=\"https:\/\/taniere3d.com\/wp-content\/uploads\/2024\/04\/1675848348_b30c6a32ae5c20cffac6d8c590830283daae8bb4_size_500x500.jpg\" \/>\n\t<meta property=\"og:image:width\" content=\"480\" \/>\n\t<meta property=\"og:image:height\" content=\"480\" \/>\n\t<meta property=\"og:image:type\" content=\"image\/jpeg\" \/>\n<meta name=\"twitter:card\" content=\"summary_large_image\" \/>\n<meta name=\"twitter:label1\" content=\"Price\" \/>\n\t<meta name=\"twitter:data1\" content=\"20,00&nbsp;&euro;\" \/>\n\t<meta name=\"twitter:label2\" content=\"Availability\" \/>\n\t<meta name=\"twitter:data2\" content=\"In stock\" \/>\n<script type=\"application\/ld+json\" class=\"yoast-schema-graph\">{\"@context\":\"https:\\\/\\\/schema.org\",\"@graph\":[{\"@type\":\"WebPage\",\"@id\":\"https:\\\/\\\/taniere3d.com\\\/en\\\/product\\\/porte-bloc-a-personnaliser\\\/\",\"url\":\"https:\\\/\\\/taniere3d.com\\\/en\\\/product\\\/porte-bloc-a-personnaliser\\\/\",\"name\":\"Porte Bloc \u00e0 personnaliser - TANIERE 3D\",\"isPartOf\":{\"@id\":\"https:\\\/\\\/taniere3d.com\\\/en\\\/#website\"},\"primaryImageOfPage\":{\"@id\":\"https:\\\/\\\/taniere3d.com\\\/en\\\/product\\\/porte-bloc-a-personnaliser\\\/#primaryimage\"},\"image\":{\"@id\":\"https:\\\/\\\/taniere3d.com\\\/en\\\/product\\\/porte-bloc-a-personnaliser\\\/#primaryimage\"},\"thumbnailUrl\":\"https:\\\/\\\/taniere3d.com\\\/wp-content\\\/uploads\\\/2024\\\/04\\\/1675848348_b30c6a32ae5c20cffac6d8c590830283daae8bb4_size_500x500.jpg\",\"datePublished\":\"2024-04-26T12:32:22+00:00\",\"dateModified\":\"2026-04-10T14:19:18+00:00\",\"breadcrumb\":{\"@id\":\"https:\\\/\\\/taniere3d.com\\\/en\\\/product\\\/porte-bloc-a-personnaliser\\\/#breadcrumb\"},\"inLanguage\":\"en-US\",\"potentialAction\":[{\"@type\":\"ReadAction\",\"target\":[\"https:\\\/\\\/taniere3d.com\\\/en\\\/product\\\/porte-bloc-a-personnaliser\\\/\"]}]},{\"@type\":\"ImageObject\",\"inLanguage\":\"en-US\",\"@id\":\"https:\\\/\\\/taniere3d.com\\\/en\\\/product\\\/porte-bloc-a-personnaliser\\\/#primaryimage\",\"url\":\"https:\\\/\\\/taniere3d.com\\\/wp-content\\\/uploads\\\/2024\\\/04\\\/1675848348_b30c6a32ae5c20cffac6d8c590830283daae8bb4_size_500x500.jpg\",\"contentUrl\":\"https:\\\/\\\/taniere3d.com\\\/wp-content\\\/uploads\\\/2024\\\/04\\\/1675848348_b30c6a32ae5c20cffac6d8c590830283daae8bb4_size_500x500.jpg\",\"width\":480,\"height\":480},{\"@type\":\"BreadcrumbList\",\"@id\":\"https:\\\/\\\/taniere3d.com\\\/en\\\/product\\\/porte-bloc-a-personnaliser\\\/#breadcrumb\",\"itemListElement\":[{\"@type\":\"ListItem\",\"position\":1,\"name\":\"Accueil\",\"item\":\"https:\\\/\\\/taniere3d.com\\\/en\\\/\"},{\"@type\":\"ListItem\",\"position\":2,\"name\":\"Shop\",\"item\":\"https:\\\/\\\/taniere3d.com\\\/en\\\/shop\\\/\"},{\"@type\":\"ListItem\",\"position\":3,\"name\":\"Porte Bloc \u00e0 personnaliser\"}]},{\"@type\":\"WebSite\",\"@id\":\"https:\\\/\\\/taniere3d.com\\\/en\\\/#website\",\"url\":\"https:\\\/\\\/taniere3d.com\\\/en\\\/\",\"name\":\"TANIERE 3D\",\"description\":\"Artisan in 3D Printing & Laser Engraving\",\"publisher\":{\"@id\":\"https:\\\/\\\/taniere3d.com\\\/en\\\/#organization\"},\"alternateName\":\"Taniere3D\",\"potentialAction\":[{\"@type\":\"SearchAction\",\"target\":{\"@type\":\"EntryPoint\",\"urlTemplate\":\"https:\\\/\\\/taniere3d.com\\\/en\\\/?s={search_term_string}\"},\"query-input\":{\"@type\":\"PropertyValueSpecification\",\"valueRequired\":true,\"valueName\":\"search_term_string\"}}],\"inLanguage\":\"en-US\"},{\"@type\":\"Organization\",\"@id\":\"https:\\\/\\\/taniere3d.com\\\/en\\\/#organization\",\"name\":\"Taniere 3D\",\"alternateName\":\"Taniere 3D\",\"url\":\"https:\\\/\\\/taniere3d.com\\\/en\\\/\",\"logo\":{\"@type\":\"ImageObject\",\"inLanguage\":\"en-US\",\"@id\":\"https:\\\/\\\/taniere3d.com\\\/en\\\/#\\\/schema\\\/logo\\\/image\\\/\",\"url\":\"https:\\\/\\\/taniere3d.com\\\/wp-content\\\/uploads\\\/2024\\\/01\\\/logo.png\",\"contentUrl\":\"https:\\\/\\\/taniere3d.com\\\/wp-content\\\/uploads\\\/2024\\\/01\\\/logo.png\",\"width\":448,\"height\":439,\"caption\":\"Taniere 3D\"},\"image\":{\"@id\":\"https:\\\/\\\/taniere3d.com\\\/en\\\/#\\\/schema\\\/logo\\\/image\\\/\"},\"sameAs\":[\"https:\\\/\\\/www.facebook.com\\\/Taniere3D.fr\\\/\",\"https:\\\/\\\/www.instagram.com\\\/Taniere3D\\\/\",\"https:\\\/\\\/www.pinterest.fr\\\/taniere3d\\\/\"],\"email\":\"taniere3d@gmail.com\",\"legalName\":\"NICOLAS PANETTA\",\"foundingDate\":\"2022-03-14\",\"vatID\":\"FR53911467918\",\"numberOfEmployees\":{\"@type\":\"QuantitativeValue\",\"minValue\":\"1\",\"maxValue\":\"10\"}}]}<\/script>\n<meta property=\"product:price:amount\" content=\"20.00\" \/>\n<meta property=\"product:price:currency\" content=\"EUR\" \/>\n<meta property=\"og:availability\" content=\"instock\" \/>\n<meta property=\"product:availability\" content=\"instock\" \/>\n<meta property=\"product:condition\" content=\"new\" \/>\n<!-- \/ Yoast SEO Premium plugin. -->","yoast_head_json":{"title":"Porte Bloc \u00e0 personnaliser - TANIERE 3D","robots":{"index":"index","follow":"follow","max-snippet":"max-snippet:-1","max-image-preview":"max-image-preview:large","max-video-preview":"max-video-preview:-1"},"canonical":"https:\/\/taniere3d.com\/en\/product\/porte-bloc-a-personnaliser\/","og_locale":"en_US","og_type":"article","og_title":"Porte Bloc \u00e0 personnaliser","og_description":"D\u00e9couvrez notre porte-bloc en MDF au format A4, un outil essentiel pour organiser vos documents avec facilit\u00e9 et style. Ce porte-bloc est \u00e9quip\u00e9 d&#8217;un clip robuste qui maintient fermement vos feuilles en place, emp\u00eachant ainsi tout risque de perte ou de d\u00e9sordre. Le rev\u00eatement d&#8217;angle int\u00e9gr\u00e9 prot\u00e8ge vos documents contre les dommages et les pliures,...","og_url":"https:\/\/taniere3d.com\/en\/product\/porte-bloc-a-personnaliser\/","og_site_name":"TANIERE 3D","article_publisher":"https:\/\/www.facebook.com\/Taniere3D.fr\/","article_modified_time":"2026-04-10T14:19:18+00:00","og_image":[{"width":480,"height":480,"url":"https:\/\/taniere3d.com\/wp-content\/uploads\/2024\/04\/1675848348_b30c6a32ae5c20cffac6d8c590830283daae8bb4_size_500x500.jpg","type":"image\/jpeg"}],"twitter_card":"summary_large_image","twitter_misc":{"Price":"20,00&nbsp;&euro;","Availability":"In stock"},"schema":{"@context":"https:\/\/schema.org","@graph":[{"@type":"WebPage","@id":"https:\/\/taniere3d.com\/en\/product\/porte-bloc-a-personnaliser\/","url":"https:\/\/taniere3d.com\/en\/product\/porte-bloc-a-personnaliser\/","name":"Porte Bloc \u00e0 personnaliser - TANIERE 3D","isPartOf":{"@id":"https:\/\/taniere3d.com\/en\/#website"},"primaryImageOfPage":{"@id":"https:\/\/taniere3d.com\/en\/product\/porte-bloc-a-personnaliser\/#primaryimage"},"image":{"@id":"https:\/\/taniere3d.com\/en\/product\/porte-bloc-a-personnaliser\/#primaryimage"},"thumbnailUrl":"https:\/\/taniere3d.com\/wp-content\/uploads\/2024\/04\/1675848348_b30c6a32ae5c20cffac6d8c590830283daae8bb4_size_500x500.jpg","datePublished":"2024-04-26T12:32:22+00:00","dateModified":"2026-04-10T14:19:18+00:00","breadcrumb":{"@id":"https:\/\/taniere3d.com\/en\/product\/porte-bloc-a-personnaliser\/#breadcrumb"},"inLanguage":"en-US","potentialAction":[{"@type":"ReadAction","target":["https:\/\/taniere3d.com\/en\/product\/porte-bloc-a-personnaliser\/"]}]},{"@type":"ImageObject","inLanguage":"en-US","@id":"https:\/\/taniere3d.com\/en\/product\/porte-bloc-a-personnaliser\/#primaryimage","url":"https:\/\/taniere3d.com\/wp-content\/uploads\/2024\/04\/1675848348_b30c6a32ae5c20cffac6d8c590830283daae8bb4_size_500x500.jpg","contentUrl":"https:\/\/taniere3d.com\/wp-content\/uploads\/2024\/04\/1675848348_b30c6a32ae5c20cffac6d8c590830283daae8bb4_size_500x500.jpg","width":480,"height":480},{"@type":"BreadcrumbList","@id":"https:\/\/taniere3d.com\/en\/product\/porte-bloc-a-personnaliser\/#breadcrumb","itemListElement":[{"@type":"ListItem","position":1,"name":"Accueil","item":"https:\/\/taniere3d.com\/en\/"},{"@type":"ListItem","position":2,"name":"Shop","item":"https:\/\/taniere3d.com\/en\/shop\/"},{"@type":"ListItem","position":3,"name":"Porte Bloc \u00e0 personnaliser"}]},{"@type":"WebSite","@id":"https:\/\/taniere3d.com\/en\/#website","url":"https:\/\/taniere3d.com\/en\/","name":"TANIERE 3D","description":"Artisan in 3D Printing & Laser Engraving","publisher":{"@id":"https:\/\/taniere3d.com\/en\/#organization"},"alternateName":"Taniere3D","potentialAction":[{"@type":"SearchAction","target":{"@type":"EntryPoint","urlTemplate":"https:\/\/taniere3d.com\/en\/?s={search_term_string}"},"query-input":{"@type":"PropertyValueSpecification","valueRequired":true,"valueName":"search_term_string"}}],"inLanguage":"en-US"},{"@type":"Organization","@id":"https:\/\/taniere3d.com\/en\/#organization","name":"Taniere 3D","alternateName":"Taniere 3D","url":"https:\/\/taniere3d.com\/en\/","logo":{"@type":"ImageObject","inLanguage":"en-US","@id":"https:\/\/taniere3d.com\/en\/#\/schema\/logo\/image\/","url":"https:\/\/taniere3d.com\/wp-content\/uploads\/2024\/01\/logo.png","contentUrl":"https:\/\/taniere3d.com\/wp-content\/uploads\/2024\/01\/logo.png","width":448,"height":439,"caption":"Taniere 3D"},"image":{"@id":"https:\/\/taniere3d.com\/en\/#\/schema\/logo\/image\/"},"sameAs":["https:\/\/www.facebook.com\/Taniere3D.fr\/","https:\/\/www.instagram.com\/Taniere3D\/","https:\/\/www.pinterest.fr\/taniere3d\/"],"email":"taniere3d@gmail.com","legalName":"NICOLAS PANETTA","foundingDate":"2022-03-14","vatID":"FR53911467918","numberOfEmployees":{"@type":"QuantitativeValue","minValue":"1","maxValue":"10"}}]},"product_price_amount":"20.00","product_price_currency":"EUR","og_availability":"instock","product_availability":"instock","product_condition":"new"},"taxonomy_info":{"product_cat":[{"value":749,"label":"Bureau\/D\u00e9coration"}]},"featured_image_src_large":["https:\/\/taniere3d.com\/wp-content\/uploads\/2024\/04\/1675848348_b30c6a32ae5c20cffac6d8c590830283daae8bb4_size_500x500.jpg",480,480,false],"author_info":[],"comment_info":0,"_links":{"self":[{"href":"https:\/\/taniere3d.com\/en\/wp-json\/wp\/v2\/product\/4534","targetHints":{"allow":["GET"]}}],"collection":[{"href":"https:\/\/taniere3d.com\/en\/wp-json\/wp\/v2\/product"}],"about":[{"href":"https:\/\/taniere3d.com\/en\/wp-json\/wp\/v2\/types\/product"}],"replies":[{"embeddable":true,"href":"https:\/\/taniere3d.com\/en\/wp-json\/wp\/v2\/comments?post=4534"}],"wp:featuredmedia":[{"embeddable":true,"href":"https:\/\/taniere3d.com\/en\/wp-json\/wp\/v2\/media\/4553"}],"wp:attachment":[{"href":"https:\/\/taniere3d.com\/en\/wp-json\/wp\/v2\/media?parent=4534"}],"wp:term":[{"taxonomy":"product_brand","embeddable":true,"href":"https:\/\/taniere3d.com\/en\/wp-json\/wp\/v2\/product_brand?post=4534"},{"taxonomy":"product_cat","embeddable":true,"href":"https:\/\/taniere3d.com\/en\/wp-json\/wp\/v2\/product_cat?post=4534"},{"taxonomy":"product_tag","embeddable":true,"href":"https:\/\/taniere3d.com\/en\/wp-json\/wp\/v2\/product_tag?post=4534"}],"curies":[{"name":"wp","href":"https:\/\/api.w.org\/{rel}","templated":true}]}}