{"id":4538,"date":"2024-04-24T23:33:20","date_gmt":"2024-04-24T21:33:20","guid":{"rendered":"https:\/\/taniere3d.com\/?post_type=product&#038;p=4538"},"modified":"2026-04-10T16:19:22","modified_gmt":"2026-04-10T14:19:22","slug":"badge-en-bois-tour-de-cou-a-personnaliser-copie","status":"publish","type":"product","link":"https:\/\/taniere3d.com\/en\/product\/badge-en-bois-tour-de-cou-a-personnaliser-copie\/","title":{"rendered":"Badge en bois tour de cou \u00e0 personnaliser"},"content":{"rendered":"<p>D\u00e9couvrez notre badge en bois personnalisable, sp\u00e9cialement con\u00e7u pour \u00eatre port\u00e9 autour du cou. Cet accessoire unique et \u00e9cologique offre une alternative durable et \u00e9l\u00e9gante aux badges traditionnels en plastique.<\/p>\n<p>Fabriqu\u00e9 \u00e0 partir de bois de haute qualit\u00e9, ce badge peut \u00eatre personnalis\u00e9 avec votre nom, logo ou design sp\u00e9cial pour cr\u00e9er un accessoire qui refl\u00e8te votre identit\u00e9. Gr\u00e2ce \u00e0 son syst\u00e8me d&#8217;attache s\u00e9curis\u00e9, vous pouvez le porter confortablement autour du cou sans risque de perte.<\/p>\n<p>Id\u00e9al pour les \u00e9v\u00e9nements professionnels, les salons, les conf\u00e9rences ou m\u00eame pour un usage quotidien au bureau, notre badge en bois tour de cou est \u00e0 la fois pratique et esth\u00e9tique. Faites un choix \u00e9cologique et styl\u00e9 en commandant le v\u00f4tre d\u00e8s aujourd&#8217;hui !<\/p>\n","protected":false},"excerpt":{"rendered":"<p>Facilitez l&#8217;identification de vos invit\u00e9s lors de votre mariage, salon ou de tout \u00e9v\u00e9nement avec nos badges en bois personnalisables<\/p>\n","protected":false},"featured_media":4541,"comment_status":"open","ping_status":"closed","template":"","meta":{"_kad_blocks_custom_css":"","_kad_blocks_head_custom_js":"","_kad_blocks_body_custom_js":"","_kad_blocks_footer_custom_js":"","_kad_post_transparent":"default","_kad_post_title":"","_kad_post_layout":"default","_kad_post_sidebar_id":"","_kad_post_content_style":"default","_kad_post_vertical_padding":"default","_kad_post_feature":"","_kad_post_feature_position":"","_kad_post_header":false,"_kad_post_footer":false,"_kad_post_classname":""},"product_brand":[],"product_cat":[749],"product_tag":[],"class_list":{"0":"post-4538","1":"product","2":"type-product","3":"status-publish","4":"has-post-thumbnail","6":"product_cat-bureau-decoration","8":"first","9":"instock","10":"shipping-taxable","11":"purchasable","12":"product-type-simple","13":"entry","14":"content-bg","15":"loop-entry"},"yoast_head":"<!-- This site is optimized with the Yoast SEO Premium plugin v22.0 (Yoast SEO v27.5) - https:\/\/yoast.com\/product\/yoast-seo-premium-wordpress\/ -->\n<title>Badge en bois tour de cou \u00e0 personnaliser - TANIERE 3D<\/title>\n<meta name=\"robots\" content=\"index, follow, max-snippet:-1, max-image-preview:large, max-video-preview:-1\" \/>\n<link rel=\"canonical\" href=\"https:\/\/taniere3d.com\/en\/product\/badge-en-bois-tour-de-cou-a-personnaliser-copie\/\" \/>\n<meta property=\"og:locale\" content=\"en_US\" \/>\n<meta property=\"og:type\" content=\"article\" \/>\n<meta property=\"og:title\" content=\"Badge en bois tour de cou \u00e0 personnaliser\" \/>\n<meta property=\"og:description\" content=\"Facilitez l&#039;identification de vos invit\u00e9s lors de votre mariage, salon ou de tout \u00e9v\u00e9nement avec nos badges en bois personnalisables\" \/>\n<meta property=\"og:url\" content=\"https:\/\/taniere3d.com\/en\/product\/badge-en-bois-tour-de-cou-a-personnaliser-copie\/\" \/>\n<meta property=\"og:site_name\" content=\"TANIERE 3D\" \/>\n<meta property=\"article:publisher\" content=\"https:\/\/www.facebook.com\/Taniere3D.fr\/\" \/>\n<meta property=\"article:modified_time\" content=\"2026-04-10T14:19:22+00:00\" \/>\n<meta property=\"og:image\" content=\"https:\/\/taniere3d.com\/wp-content\/uploads\/2024\/04\/photo-badge-bande-taniere-3d-Copie-1.jpg\" \/>\n\t<meta property=\"og:image:width\" content=\"2033\" \/>\n\t<meta property=\"og:image:height\" content=\"1995\" \/>\n\t<meta property=\"og:image:type\" content=\"image\/jpeg\" \/>\n<meta name=\"twitter:card\" content=\"summary_large_image\" \/>\n<meta name=\"twitter:label1\" content=\"Price\" \/>\n\t<meta name=\"twitter:data1\" content=\"8,00&nbsp;&euro;\" \/>\n\t<meta name=\"twitter:label2\" content=\"Availability\" \/>\n\t<meta name=\"twitter:data2\" content=\"In stock\" \/>\n<script type=\"application\/ld+json\" class=\"yoast-schema-graph\">{\"@context\":\"https:\\\/\\\/schema.org\",\"@graph\":[{\"@type\":\"WebPage\",\"@id\":\"https:\\\/\\\/taniere3d.com\\\/en\\\/product\\\/badge-en-bois-tour-de-cou-a-personnaliser-copie\\\/\",\"url\":\"https:\\\/\\\/taniere3d.com\\\/en\\\/product\\\/badge-en-bois-tour-de-cou-a-personnaliser-copie\\\/\",\"name\":\"Badge en bois tour de cou \u00e0 personnaliser - TANIERE 3D\",\"isPartOf\":{\"@id\":\"https:\\\/\\\/taniere3d.com\\\/en\\\/#website\"},\"primaryImageOfPage\":{\"@id\":\"https:\\\/\\\/taniere3d.com\\\/en\\\/product\\\/badge-en-bois-tour-de-cou-a-personnaliser-copie\\\/#primaryimage\"},\"image\":{\"@id\":\"https:\\\/\\\/taniere3d.com\\\/en\\\/product\\\/badge-en-bois-tour-de-cou-a-personnaliser-copie\\\/#primaryimage\"},\"thumbnailUrl\":\"https:\\\/\\\/taniere3d.com\\\/wp-content\\\/uploads\\\/2024\\\/04\\\/photo-badge-bande-taniere-3d-Copie-1.jpg\",\"datePublished\":\"2024-04-24T21:33:20+00:00\",\"dateModified\":\"2026-04-10T14:19:22+00:00\",\"breadcrumb\":{\"@id\":\"https:\\\/\\\/taniere3d.com\\\/en\\\/product\\\/badge-en-bois-tour-de-cou-a-personnaliser-copie\\\/#breadcrumb\"},\"inLanguage\":\"en-US\",\"potentialAction\":[{\"@type\":\"ReadAction\",\"target\":[\"https:\\\/\\\/taniere3d.com\\\/en\\\/product\\\/badge-en-bois-tour-de-cou-a-personnaliser-copie\\\/\"]}]},{\"@type\":\"ImageObject\",\"inLanguage\":\"en-US\",\"@id\":\"https:\\\/\\\/taniere3d.com\\\/en\\\/product\\\/badge-en-bois-tour-de-cou-a-personnaliser-copie\\\/#primaryimage\",\"url\":\"https:\\\/\\\/taniere3d.com\\\/wp-content\\\/uploads\\\/2024\\\/04\\\/photo-badge-bande-taniere-3d-Copie-1.jpg\",\"contentUrl\":\"https:\\\/\\\/taniere3d.com\\\/wp-content\\\/uploads\\\/2024\\\/04\\\/photo-badge-bande-taniere-3d-Copie-1.jpg\",\"width\":2033,\"height\":1995},{\"@type\":\"BreadcrumbList\",\"@id\":\"https:\\\/\\\/taniere3d.com\\\/en\\\/product\\\/badge-en-bois-tour-de-cou-a-personnaliser-copie\\\/#breadcrumb\",\"itemListElement\":[{\"@type\":\"ListItem\",\"position\":1,\"name\":\"Accueil\",\"item\":\"https:\\\/\\\/taniere3d.com\\\/en\\\/\"},{\"@type\":\"ListItem\",\"position\":2,\"name\":\"Shop\",\"item\":\"https:\\\/\\\/taniere3d.com\\\/en\\\/shop\\\/\"},{\"@type\":\"ListItem\",\"position\":3,\"name\":\"Badge en bois tour de cou \u00e0 personnaliser\"}]},{\"@type\":\"WebSite\",\"@id\":\"https:\\\/\\\/taniere3d.com\\\/en\\\/#website\",\"url\":\"https:\\\/\\\/taniere3d.com\\\/en\\\/\",\"name\":\"TANIERE 3D\",\"description\":\"Artisan in 3D Printing & Laser Engraving\",\"publisher\":{\"@id\":\"https:\\\/\\\/taniere3d.com\\\/en\\\/#organization\"},\"alternateName\":\"Taniere3D\",\"potentialAction\":[{\"@type\":\"SearchAction\",\"target\":{\"@type\":\"EntryPoint\",\"urlTemplate\":\"https:\\\/\\\/taniere3d.com\\\/en\\\/?s={search_term_string}\"},\"query-input\":{\"@type\":\"PropertyValueSpecification\",\"valueRequired\":true,\"valueName\":\"search_term_string\"}}],\"inLanguage\":\"en-US\"},{\"@type\":\"Organization\",\"@id\":\"https:\\\/\\\/taniere3d.com\\\/en\\\/#organization\",\"name\":\"Taniere 3D\",\"alternateName\":\"Taniere 3D\",\"url\":\"https:\\\/\\\/taniere3d.com\\\/en\\\/\",\"logo\":{\"@type\":\"ImageObject\",\"inLanguage\":\"en-US\",\"@id\":\"https:\\\/\\\/taniere3d.com\\\/en\\\/#\\\/schema\\\/logo\\\/image\\\/\",\"url\":\"https:\\\/\\\/taniere3d.com\\\/wp-content\\\/uploads\\\/2024\\\/01\\\/logo.png\",\"contentUrl\":\"https:\\\/\\\/taniere3d.com\\\/wp-content\\\/uploads\\\/2024\\\/01\\\/logo.png\",\"width\":448,\"height\":439,\"caption\":\"Taniere 3D\"},\"image\":{\"@id\":\"https:\\\/\\\/taniere3d.com\\\/en\\\/#\\\/schema\\\/logo\\\/image\\\/\"},\"sameAs\":[\"https:\\\/\\\/www.facebook.com\\\/Taniere3D.fr\\\/\",\"https:\\\/\\\/www.instagram.com\\\/Taniere3D\\\/\",\"https:\\\/\\\/www.pinterest.fr\\\/taniere3d\\\/\"],\"email\":\"taniere3d@gmail.com\",\"legalName\":\"NICOLAS PANETTA\",\"foundingDate\":\"2022-03-14\",\"vatID\":\"FR53911467918\",\"numberOfEmployees\":{\"@type\":\"QuantitativeValue\",\"minValue\":\"1\",\"maxValue\":\"10\"}}]}<\/script>\n<meta property=\"product:price:amount\" content=\"8.00\" \/>\n<meta property=\"product:price:currency\" content=\"EUR\" \/>\n<meta property=\"og:availability\" content=\"instock\" \/>\n<meta property=\"product:availability\" content=\"instock\" \/>\n<meta property=\"product:condition\" content=\"new\" \/>\n<!-- \/ Yoast SEO Premium plugin. -->","yoast_head_json":{"title":"Badge en bois tour de cou \u00e0 personnaliser - TANIERE 3D","robots":{"index":"index","follow":"follow","max-snippet":"max-snippet:-1","max-image-preview":"max-image-preview:large","max-video-preview":"max-video-preview:-1"},"canonical":"https:\/\/taniere3d.com\/en\/product\/badge-en-bois-tour-de-cou-a-personnaliser-copie\/","og_locale":"en_US","og_type":"article","og_title":"Badge en bois tour de cou \u00e0 personnaliser","og_description":"Facilitez l'identification de vos invit\u00e9s lors de votre mariage, salon ou de tout \u00e9v\u00e9nement avec nos badges en bois personnalisables","og_url":"https:\/\/taniere3d.com\/en\/product\/badge-en-bois-tour-de-cou-a-personnaliser-copie\/","og_site_name":"TANIERE 3D","article_publisher":"https:\/\/www.facebook.com\/Taniere3D.fr\/","article_modified_time":"2026-04-10T14:19:22+00:00","og_image":[{"width":2033,"height":1995,"url":"https:\/\/taniere3d.com\/wp-content\/uploads\/2024\/04\/photo-badge-bande-taniere-3d-Copie-1.jpg","type":"image\/jpeg"}],"twitter_card":"summary_large_image","twitter_misc":{"Price":"8,00&nbsp;&euro;","Availability":"In stock"},"schema":{"@context":"https:\/\/schema.org","@graph":[{"@type":"WebPage","@id":"https:\/\/taniere3d.com\/en\/product\/badge-en-bois-tour-de-cou-a-personnaliser-copie\/","url":"https:\/\/taniere3d.com\/en\/product\/badge-en-bois-tour-de-cou-a-personnaliser-copie\/","name":"Badge en bois tour de cou \u00e0 personnaliser - TANIERE 3D","isPartOf":{"@id":"https:\/\/taniere3d.com\/en\/#website"},"primaryImageOfPage":{"@id":"https:\/\/taniere3d.com\/en\/product\/badge-en-bois-tour-de-cou-a-personnaliser-copie\/#primaryimage"},"image":{"@id":"https:\/\/taniere3d.com\/en\/product\/badge-en-bois-tour-de-cou-a-personnaliser-copie\/#primaryimage"},"thumbnailUrl":"https:\/\/taniere3d.com\/wp-content\/uploads\/2024\/04\/photo-badge-bande-taniere-3d-Copie-1.jpg","datePublished":"2024-04-24T21:33:20+00:00","dateModified":"2026-04-10T14:19:22+00:00","breadcrumb":{"@id":"https:\/\/taniere3d.com\/en\/product\/badge-en-bois-tour-de-cou-a-personnaliser-copie\/#breadcrumb"},"inLanguage":"en-US","potentialAction":[{"@type":"ReadAction","target":["https:\/\/taniere3d.com\/en\/product\/badge-en-bois-tour-de-cou-a-personnaliser-copie\/"]}]},{"@type":"ImageObject","inLanguage":"en-US","@id":"https:\/\/taniere3d.com\/en\/product\/badge-en-bois-tour-de-cou-a-personnaliser-copie\/#primaryimage","url":"https:\/\/taniere3d.com\/wp-content\/uploads\/2024\/04\/photo-badge-bande-taniere-3d-Copie-1.jpg","contentUrl":"https:\/\/taniere3d.com\/wp-content\/uploads\/2024\/04\/photo-badge-bande-taniere-3d-Copie-1.jpg","width":2033,"height":1995},{"@type":"BreadcrumbList","@id":"https:\/\/taniere3d.com\/en\/product\/badge-en-bois-tour-de-cou-a-personnaliser-copie\/#breadcrumb","itemListElement":[{"@type":"ListItem","position":1,"name":"Accueil","item":"https:\/\/taniere3d.com\/en\/"},{"@type":"ListItem","position":2,"name":"Shop","item":"https:\/\/taniere3d.com\/en\/shop\/"},{"@type":"ListItem","position":3,"name":"Badge en bois tour de cou \u00e0 personnaliser"}]},{"@type":"WebSite","@id":"https:\/\/taniere3d.com\/en\/#website","url":"https:\/\/taniere3d.com\/en\/","name":"TANIERE 3D","description":"Artisan in 3D Printing & Laser Engraving","publisher":{"@id":"https:\/\/taniere3d.com\/en\/#organization"},"alternateName":"Taniere3D","potentialAction":[{"@type":"SearchAction","target":{"@type":"EntryPoint","urlTemplate":"https:\/\/taniere3d.com\/en\/?s={search_term_string}"},"query-input":{"@type":"PropertyValueSpecification","valueRequired":true,"valueName":"search_term_string"}}],"inLanguage":"en-US"},{"@type":"Organization","@id":"https:\/\/taniere3d.com\/en\/#organization","name":"Taniere 3D","alternateName":"Taniere 3D","url":"https:\/\/taniere3d.com\/en\/","logo":{"@type":"ImageObject","inLanguage":"en-US","@id":"https:\/\/taniere3d.com\/en\/#\/schema\/logo\/image\/","url":"https:\/\/taniere3d.com\/wp-content\/uploads\/2024\/01\/logo.png","contentUrl":"https:\/\/taniere3d.com\/wp-content\/uploads\/2024\/01\/logo.png","width":448,"height":439,"caption":"Taniere 3D"},"image":{"@id":"https:\/\/taniere3d.com\/en\/#\/schema\/logo\/image\/"},"sameAs":["https:\/\/www.facebook.com\/Taniere3D.fr\/","https:\/\/www.instagram.com\/Taniere3D\/","https:\/\/www.pinterest.fr\/taniere3d\/"],"email":"taniere3d@gmail.com","legalName":"NICOLAS PANETTA","foundingDate":"2022-03-14","vatID":"FR53911467918","numberOfEmployees":{"@type":"QuantitativeValue","minValue":"1","maxValue":"10"}}]},"product_price_amount":"8.00","product_price_currency":"EUR","og_availability":"instock","product_availability":"instock","product_condition":"new"},"taxonomy_info":{"product_cat":[{"value":749,"label":"Bureau\/D\u00e9coration"}]},"featured_image_src_large":["https:\/\/taniere3d.com\/wp-content\/uploads\/2024\/04\/photo-badge-bande-taniere-3d-Copie-1-1024x1005.jpg",1024,1005,true],"author_info":[],"comment_info":0,"_links":{"self":[{"href":"https:\/\/taniere3d.com\/en\/wp-json\/wp\/v2\/product\/4538","targetHints":{"allow":["GET"]}}],"collection":[{"href":"https:\/\/taniere3d.com\/en\/wp-json\/wp\/v2\/product"}],"about":[{"href":"https:\/\/taniere3d.com\/en\/wp-json\/wp\/v2\/types\/product"}],"replies":[{"embeddable":true,"href":"https:\/\/taniere3d.com\/en\/wp-json\/wp\/v2\/comments?post=4538"}],"wp:featuredmedia":[{"embeddable":true,"href":"https:\/\/taniere3d.com\/en\/wp-json\/wp\/v2\/media\/4541"}],"wp:attachment":[{"href":"https:\/\/taniere3d.com\/en\/wp-json\/wp\/v2\/media?parent=4538"}],"wp:term":[{"taxonomy":"product_brand","embeddable":true,"href":"https:\/\/taniere3d.com\/en\/wp-json\/wp\/v2\/product_brand?post=4538"},{"taxonomy":"product_cat","embeddable":true,"href":"https:\/\/taniere3d.com\/en\/wp-json\/wp\/v2\/product_cat?post=4538"},{"taxonomy":"product_tag","embeddable":true,"href":"https:\/\/taniere3d.com\/en\/wp-json\/wp\/v2\/product_tag?post=4538"}],"curies":[{"name":"wp","href":"https:\/\/api.w.org\/{rel}","templated":true}]}}