{"id":4706,"date":"2024-06-26T22:31:52","date_gmt":"2024-06-26T20:31:52","guid":{"rendered":"https:\/\/taniere3d.com\/?post_type=product&#038;p=4706"},"modified":"2026-04-10T16:19:07","modified_gmt":"2026-04-10T14:19:07","slug":"bouchon-zogoflex-loup","status":"publish","type":"product","link":"https:\/\/taniere3d.com\/en\/product\/bouchon-zogoflex-loup\/","title":{"rendered":"Bouchon Jouet enrichissement chien Zogoflex &#8211; Loup"},"content":{"rendered":"<p>Vous en avez assez de voir les garnitures pr\u00e9f\u00e9r\u00e9es de votre animal se r\u00e9pandre sur votre table ou dans votre cong\u00e9lateur ? Notre bouchon sp\u00e9cialement con\u00e7u est l\u00e0 pour vous simplifier la vie !<\/p>\n<p>Deux tailles disponibles : Nos bouchons sont con\u00e7us pour s&#8217;adapter parfaitement \u00e0 tous les mod\u00e8les Rumbl et Toppl Zogoflex\u00ae. Existe en taille S &amp; L. Avec deux options de taille disponibles, vous pouvez choisir celle qui convient le mieux \u00e0 vos besoins pour dire adieu aux fuites une fois pour toutes.<\/p>\n<p>Explorez notre Gamme Kawaii : En plus de leur efficacit\u00e9, nos bouchons sont offerts dans une gamme de mod\u00e8les adorables pour apporter une touche de charme \u00e0 l&#8217;heure du jeu de votre compagnon.<\/p>\n<p><strong>Conseils d\u2019Utilisation :<\/strong><\/p>\n<ul>\n<li>Installer le Bouchon : Un quart de tour pour assurer l\u2019\u00e9tanch\u00e9it\u00e9.<\/li>\n<li>Fourrer le Jouet : Remplissez-le de l\u2019aliment pr\u00e9f\u00e9r\u00e9 de votre animal (liquide, p\u00e2t\u00e9, fromage\u2026).<\/li>\n<li>Congeler : Pour plus de stabilit\u00e9, utilisez nos supports sp\u00e9cialement con\u00e7us.<\/li>\n<li>Retirer le Bouchon : Avant de donner le jouet \u00e0 votre animal. Attention, ces bouchons ne sont pas des jouets et pourraient constituer un risque d\u2019\u00e9touffement !<\/li>\n<li>Mat\u00e9riaux Respectueux de l\u2019Environnement : Nos bouchons sont fabriqu\u00e9s \u00e0 partir de PETG, un mat\u00e9riau 100 % recyclable utilis\u00e9 dans les bouteilles d\u2019eau et les conteneurs alimentaires.<\/li>\n<li>Certifi\u00e9 \u201ccontact alimentaire\u201d selon les normes environnementales ROHS et REACH.<\/li>\n<li>Entretien Facile : Compatible lave-vaisselle (programme d\u00e9licat).<\/li>\n<li>Produit Con\u00e7u et Fabriqu\u00e9 en France. La couleur peut l\u00e9g\u00e8rement varier par rapport aux photos. Jouet non inclus. Nourriture non inclus. Vendu \u00e0 l\u2019unit\u00e9.<\/li>\n<\/ul>\n<p>&nbsp;<\/p>\n","protected":false},"excerpt":{"rendered":"<ul>\n<li>Vous en avez assez de voir les garnitures pr\u00e9f\u00e9r\u00e9es de votre animal se r\u00e9pandre sur votre table ou dans votre cong\u00e9lateur ? Notre bouchon sp\u00e9cialement con\u00e7u est l\u00e0 pour vous simplifier la vie !<\/li>\n<li>Vendu sans jouet (Rumbl \/ Toppl) ou nourriture.<\/li>\n<\/ul>\n","protected":false},"featured_media":4717,"comment_status":"open","ping_status":"closed","template":"","meta":{"_kad_blocks_custom_css":"","_kad_blocks_head_custom_js":"","_kad_blocks_body_custom_js":"","_kad_blocks_footer_custom_js":"","_kad_post_transparent":"default","_kad_post_title":"","_kad_post_layout":"default","_kad_post_sidebar_id":"","_kad_post_content_style":"default","_kad_post_vertical_padding":"default","_kad_post_feature":"","_kad_post_feature_position":"","_kad_post_header":false,"_kad_post_footer":false,"_kad_post_classname":""},"product_brand":[],"product_cat":[747,26],"product_tag":[],"class_list":{"0":"post-4706","1":"product","2":"type-product","3":"status-publish","4":"has-post-thumbnail","6":"product_cat-bouchon","7":"product_cat-enrichissement","9":"first","10":"instock","11":"shipping-taxable","12":"purchasable","13":"product-type-variable","14":"entry","15":"content-bg","16":"loop-entry"},"yoast_head":"<!-- This site is optimized with the Yoast SEO Premium plugin v22.0 (Yoast SEO v27.5) - https:\/\/yoast.com\/product\/yoast-seo-premium-wordpress\/ -->\n<title>Bouchon Jouet enrichissement chien Zogoflex - Loup - TANIERE 3D<\/title>\n<meta name=\"description\" content=\"Nos bouchons sont parfaits pour vos Rumbl et Toppl. Nous proposons un vaste choix de mod\u00e8les adorables, disponibles en deux tailles : S et L.\" \/>\n<meta name=\"robots\" content=\"index, follow, max-snippet:-1, max-image-preview:large, max-video-preview:-1\" \/>\n<link rel=\"canonical\" href=\"https:\/\/taniere3d.com\/en\/product\/bouchon-zogoflex-loup\/\" \/>\n<meta property=\"og:locale\" content=\"en_US\" \/>\n<meta property=\"og:type\" content=\"article\" \/>\n<meta property=\"og:title\" content=\"Bouchon Jouet enrichissement chien Zogoflex - Loup\" \/>\n<meta property=\"og:description\" content=\"Nos bouchons sont parfaits pour vos Rumbl et Toppl. Nous proposons un vaste choix de mod\u00e8les adorables, disponibles en deux tailles : S et L.\" \/>\n<meta property=\"og:url\" content=\"https:\/\/taniere3d.com\/en\/product\/bouchon-zogoflex-loup\/\" \/>\n<meta property=\"og:site_name\" content=\"TANIERE 3D\" \/>\n<meta property=\"article:publisher\" content=\"https:\/\/www.facebook.com\/Taniere3D.fr\/\" \/>\n<meta property=\"article:modified_time\" content=\"2026-04-10T14:19:07+00:00\" \/>\n<meta property=\"og:image\" content=\"https:\/\/taniere3d.com\/wp-content\/uploads\/2024\/06\/Wolf-topplL-scaled.jpg\" \/>\n\t<meta property=\"og:image:width\" content=\"2560\" \/>\n\t<meta property=\"og:image:height\" content=\"2560\" \/>\n\t<meta property=\"og:image:type\" content=\"image\/jpeg\" \/>\n<meta name=\"twitter:card\" content=\"summary_large_image\" \/>\n<meta name=\"twitter:label1\" content=\"Availability\" \/>\n\t<meta name=\"twitter:data1\" content=\"In stock\" \/>\n<script type=\"application\/ld+json\" class=\"yoast-schema-graph\">{\"@context\":\"https:\\\/\\\/schema.org\",\"@graph\":[{\"@type\":\"WebPage\",\"@id\":\"https:\\\/\\\/taniere3d.com\\\/en\\\/product\\\/bouchon-zogoflex-loup\\\/\",\"url\":\"https:\\\/\\\/taniere3d.com\\\/en\\\/product\\\/bouchon-zogoflex-loup\\\/\",\"name\":\"Bouchon Jouet enrichissement chien Zogoflex - Loup - TANIERE 3D\",\"isPartOf\":{\"@id\":\"https:\\\/\\\/taniere3d.com\\\/en\\\/#website\"},\"primaryImageOfPage\":{\"@id\":\"https:\\\/\\\/taniere3d.com\\\/en\\\/product\\\/bouchon-zogoflex-loup\\\/#primaryimage\"},\"image\":{\"@id\":\"https:\\\/\\\/taniere3d.com\\\/en\\\/product\\\/bouchon-zogoflex-loup\\\/#primaryimage\"},\"thumbnailUrl\":\"https:\\\/\\\/taniere3d.com\\\/wp-content\\\/uploads\\\/2024\\\/06\\\/Wolf-topplL-scaled.jpg\",\"datePublished\":\"2024-06-26T20:31:52+00:00\",\"dateModified\":\"2026-04-10T14:19:07+00:00\",\"description\":\"Nos bouchons sont parfaits pour vos Rumbl et Toppl. Nous proposons un vaste choix de mod\u00e8les adorables, disponibles en deux tailles : S et L.\",\"breadcrumb\":{\"@id\":\"https:\\\/\\\/taniere3d.com\\\/en\\\/product\\\/bouchon-zogoflex-loup\\\/#breadcrumb\"},\"inLanguage\":\"en-US\",\"potentialAction\":[{\"@type\":\"ReadAction\",\"target\":[\"https:\\\/\\\/taniere3d.com\\\/en\\\/product\\\/bouchon-zogoflex-loup\\\/\"]}]},{\"@type\":\"ImageObject\",\"inLanguage\":\"en-US\",\"@id\":\"https:\\\/\\\/taniere3d.com\\\/en\\\/product\\\/bouchon-zogoflex-loup\\\/#primaryimage\",\"url\":\"https:\\\/\\\/taniere3d.com\\\/wp-content\\\/uploads\\\/2024\\\/06\\\/Wolf-topplL-scaled.jpg\",\"contentUrl\":\"https:\\\/\\\/taniere3d.com\\\/wp-content\\\/uploads\\\/2024\\\/06\\\/Wolf-topplL-scaled.jpg\",\"width\":2560,\"height\":2560,\"caption\":\"Loup Toppl\"},{\"@type\":\"BreadcrumbList\",\"@id\":\"https:\\\/\\\/taniere3d.com\\\/en\\\/product\\\/bouchon-zogoflex-loup\\\/#breadcrumb\",\"itemListElement\":[{\"@type\":\"ListItem\",\"position\":1,\"name\":\"Accueil\",\"item\":\"https:\\\/\\\/taniere3d.com\\\/en\\\/\"},{\"@type\":\"ListItem\",\"position\":2,\"name\":\"Shop\",\"item\":\"https:\\\/\\\/taniere3d.com\\\/en\\\/shop\\\/\"},{\"@type\":\"ListItem\",\"position\":3,\"name\":\"Bouchon Jouet enrichissement chien Zogoflex &#8211; Loup\"}]},{\"@type\":\"WebSite\",\"@id\":\"https:\\\/\\\/taniere3d.com\\\/en\\\/#website\",\"url\":\"https:\\\/\\\/taniere3d.com\\\/en\\\/\",\"name\":\"TANIERE 3D\",\"description\":\"Artisan in 3D Printing & Laser Engraving\",\"publisher\":{\"@id\":\"https:\\\/\\\/taniere3d.com\\\/en\\\/#organization\"},\"alternateName\":\"Taniere3D\",\"potentialAction\":[{\"@type\":\"SearchAction\",\"target\":{\"@type\":\"EntryPoint\",\"urlTemplate\":\"https:\\\/\\\/taniere3d.com\\\/en\\\/?s={search_term_string}\"},\"query-input\":{\"@type\":\"PropertyValueSpecification\",\"valueRequired\":true,\"valueName\":\"search_term_string\"}}],\"inLanguage\":\"en-US\"},{\"@type\":\"Organization\",\"@id\":\"https:\\\/\\\/taniere3d.com\\\/en\\\/#organization\",\"name\":\"Taniere 3D\",\"alternateName\":\"Taniere 3D\",\"url\":\"https:\\\/\\\/taniere3d.com\\\/en\\\/\",\"logo\":{\"@type\":\"ImageObject\",\"inLanguage\":\"en-US\",\"@id\":\"https:\\\/\\\/taniere3d.com\\\/en\\\/#\\\/schema\\\/logo\\\/image\\\/\",\"url\":\"https:\\\/\\\/taniere3d.com\\\/wp-content\\\/uploads\\\/2024\\\/01\\\/logo.png\",\"contentUrl\":\"https:\\\/\\\/taniere3d.com\\\/wp-content\\\/uploads\\\/2024\\\/01\\\/logo.png\",\"width\":448,\"height\":439,\"caption\":\"Taniere 3D\"},\"image\":{\"@id\":\"https:\\\/\\\/taniere3d.com\\\/en\\\/#\\\/schema\\\/logo\\\/image\\\/\"},\"sameAs\":[\"https:\\\/\\\/www.facebook.com\\\/Taniere3D.fr\\\/\",\"https:\\\/\\\/www.instagram.com\\\/Taniere3D\\\/\",\"https:\\\/\\\/www.pinterest.fr\\\/taniere3d\\\/\"],\"email\":\"taniere3d@gmail.com\",\"legalName\":\"NICOLAS PANETTA\",\"foundingDate\":\"2022-03-14\",\"vatID\":\"FR53911467918\",\"numberOfEmployees\":{\"@type\":\"QuantitativeValue\",\"minValue\":\"1\",\"maxValue\":\"10\"}}]}<\/script>\n<meta property=\"og:availability\" content=\"instock\" \/>\n<meta property=\"product:availability\" content=\"instock\" \/>\n<meta property=\"product:condition\" content=\"new\" \/>\n<!-- \/ Yoast SEO Premium plugin. -->","yoast_head_json":{"title":"Bouchon Jouet enrichissement chien Zogoflex - Loup - TANIERE 3D","description":"Nos bouchons sont parfaits pour vos Rumbl et Toppl. Nous proposons un vaste choix de mod\u00e8les adorables, disponibles en deux tailles : S et L.","robots":{"index":"index","follow":"follow","max-snippet":"max-snippet:-1","max-image-preview":"max-image-preview:large","max-video-preview":"max-video-preview:-1"},"canonical":"https:\/\/taniere3d.com\/en\/product\/bouchon-zogoflex-loup\/","og_locale":"en_US","og_type":"article","og_title":"Bouchon Jouet enrichissement chien Zogoflex - Loup","og_description":"Nos bouchons sont parfaits pour vos Rumbl et Toppl. Nous proposons un vaste choix de mod\u00e8les adorables, disponibles en deux tailles : S et L.","og_url":"https:\/\/taniere3d.com\/en\/product\/bouchon-zogoflex-loup\/","og_site_name":"TANIERE 3D","article_publisher":"https:\/\/www.facebook.com\/Taniere3D.fr\/","article_modified_time":"2026-04-10T14:19:07+00:00","og_image":[{"width":2560,"height":2560,"url":"https:\/\/taniere3d.com\/wp-content\/uploads\/2024\/06\/Wolf-topplL-scaled.jpg","type":"image\/jpeg"}],"twitter_card":"summary_large_image","twitter_misc":{"Availability":"In stock"},"schema":{"@context":"https:\/\/schema.org","@graph":[{"@type":"WebPage","@id":"https:\/\/taniere3d.com\/en\/product\/bouchon-zogoflex-loup\/","url":"https:\/\/taniere3d.com\/en\/product\/bouchon-zogoflex-loup\/","name":"Bouchon Jouet enrichissement chien Zogoflex - Loup - TANIERE 3D","isPartOf":{"@id":"https:\/\/taniere3d.com\/en\/#website"},"primaryImageOfPage":{"@id":"https:\/\/taniere3d.com\/en\/product\/bouchon-zogoflex-loup\/#primaryimage"},"image":{"@id":"https:\/\/taniere3d.com\/en\/product\/bouchon-zogoflex-loup\/#primaryimage"},"thumbnailUrl":"https:\/\/taniere3d.com\/wp-content\/uploads\/2024\/06\/Wolf-topplL-scaled.jpg","datePublished":"2024-06-26T20:31:52+00:00","dateModified":"2026-04-10T14:19:07+00:00","description":"Nos bouchons sont parfaits pour vos Rumbl et Toppl. Nous proposons un vaste choix de mod\u00e8les adorables, disponibles en deux tailles : S et L.","breadcrumb":{"@id":"https:\/\/taniere3d.com\/en\/product\/bouchon-zogoflex-loup\/#breadcrumb"},"inLanguage":"en-US","potentialAction":[{"@type":"ReadAction","target":["https:\/\/taniere3d.com\/en\/product\/bouchon-zogoflex-loup\/"]}]},{"@type":"ImageObject","inLanguage":"en-US","@id":"https:\/\/taniere3d.com\/en\/product\/bouchon-zogoflex-loup\/#primaryimage","url":"https:\/\/taniere3d.com\/wp-content\/uploads\/2024\/06\/Wolf-topplL-scaled.jpg","contentUrl":"https:\/\/taniere3d.com\/wp-content\/uploads\/2024\/06\/Wolf-topplL-scaled.jpg","width":2560,"height":2560,"caption":"Loup Toppl"},{"@type":"BreadcrumbList","@id":"https:\/\/taniere3d.com\/en\/product\/bouchon-zogoflex-loup\/#breadcrumb","itemListElement":[{"@type":"ListItem","position":1,"name":"Accueil","item":"https:\/\/taniere3d.com\/en\/"},{"@type":"ListItem","position":2,"name":"Shop","item":"https:\/\/taniere3d.com\/en\/shop\/"},{"@type":"ListItem","position":3,"name":"Bouchon Jouet enrichissement chien Zogoflex &#8211; Loup"}]},{"@type":"WebSite","@id":"https:\/\/taniere3d.com\/en\/#website","url":"https:\/\/taniere3d.com\/en\/","name":"TANIERE 3D","description":"Artisan in 3D Printing & Laser Engraving","publisher":{"@id":"https:\/\/taniere3d.com\/en\/#organization"},"alternateName":"Taniere3D","potentialAction":[{"@type":"SearchAction","target":{"@type":"EntryPoint","urlTemplate":"https:\/\/taniere3d.com\/en\/?s={search_term_string}"},"query-input":{"@type":"PropertyValueSpecification","valueRequired":true,"valueName":"search_term_string"}}],"inLanguage":"en-US"},{"@type":"Organization","@id":"https:\/\/taniere3d.com\/en\/#organization","name":"Taniere 3D","alternateName":"Taniere 3D","url":"https:\/\/taniere3d.com\/en\/","logo":{"@type":"ImageObject","inLanguage":"en-US","@id":"https:\/\/taniere3d.com\/en\/#\/schema\/logo\/image\/","url":"https:\/\/taniere3d.com\/wp-content\/uploads\/2024\/01\/logo.png","contentUrl":"https:\/\/taniere3d.com\/wp-content\/uploads\/2024\/01\/logo.png","width":448,"height":439,"caption":"Taniere 3D"},"image":{"@id":"https:\/\/taniere3d.com\/en\/#\/schema\/logo\/image\/"},"sameAs":["https:\/\/www.facebook.com\/Taniere3D.fr\/","https:\/\/www.instagram.com\/Taniere3D\/","https:\/\/www.pinterest.fr\/taniere3d\/"],"email":"taniere3d@gmail.com","legalName":"NICOLAS PANETTA","foundingDate":"2022-03-14","vatID":"FR53911467918","numberOfEmployees":{"@type":"QuantitativeValue","minValue":"1","maxValue":"10"}}]},"og_availability":"instock","product_availability":"instock","product_condition":"new"},"taxonomy_info":{"product_cat":[{"value":747,"label":"Bouchon"},{"value":26,"label":"Enrichissement"}]},"featured_image_src_large":["https:\/\/taniere3d.com\/wp-content\/uploads\/2024\/06\/Wolf-topplL-1024x1024.jpg",1024,1024,true],"author_info":[],"comment_info":0,"_links":{"self":[{"href":"https:\/\/taniere3d.com\/en\/wp-json\/wp\/v2\/product\/4706","targetHints":{"allow":["GET"]}}],"collection":[{"href":"https:\/\/taniere3d.com\/en\/wp-json\/wp\/v2\/product"}],"about":[{"href":"https:\/\/taniere3d.com\/en\/wp-json\/wp\/v2\/types\/product"}],"replies":[{"embeddable":true,"href":"https:\/\/taniere3d.com\/en\/wp-json\/wp\/v2\/comments?post=4706"}],"wp:featuredmedia":[{"embeddable":true,"href":"https:\/\/taniere3d.com\/en\/wp-json\/wp\/v2\/media\/4717"}],"wp:attachment":[{"href":"https:\/\/taniere3d.com\/en\/wp-json\/wp\/v2\/media?parent=4706"}],"wp:term":[{"taxonomy":"product_brand","embeddable":true,"href":"https:\/\/taniere3d.com\/en\/wp-json\/wp\/v2\/product_brand?post=4706"},{"taxonomy":"product_cat","embeddable":true,"href":"https:\/\/taniere3d.com\/en\/wp-json\/wp\/v2\/product_cat?post=4706"},{"taxonomy":"product_tag","embeddable":true,"href":"https:\/\/taniere3d.com\/en\/wp-json\/wp\/v2\/product_tag?post=4706"}],"curies":[{"name":"wp","href":"https:\/\/api.w.org\/{rel}","templated":true}]}}