{"id":4788,"date":"2024-08-15T11:12:47","date_gmt":"2024-08-15T09:12:47","guid":{"rendered":"https:\/\/taniere3d.com\/?post_type=product&#038;p=4788"},"modified":"2026-04-10T16:18:59","modified_gmt":"2026-04-10T14:18:59","slug":"support-pour-rumbl-toppl","status":"publish","type":"product","link":"https:\/\/taniere3d.com\/en\/product\/support-pour-rumbl-toppl\/","title":{"rendered":"Support Jouet enrichissement chien Zogoflex"},"content":{"rendered":"<p>Vous en avez assez de voir les garnitures pr\u00e9f\u00e9r\u00e9es de votre animal se r\u00e9pandre sur votre table ou dans votre cong\u00e9lateur ? Notre Support sp\u00e9cialement con\u00e7u est l\u00e0 pour vous simplifier la vie !<\/p>\n<h3>Maintenez Vos Jouets en Place<\/h3>\n<p>Notre support est con\u00e7u pour maintenir tous les mod\u00e8les Rumbl et Toppl Zogoflex\u00ae en place, facilitant ainsi le remplissage des garnitures pr\u00e9f\u00e9r\u00e9es de votre chien. Pour une optimisation maximale, ajoutez l&#8217;un de nos bouchons de la m\u00eame gamme.<\/p>\n<h3>Conseils d\u2019Utilisation :<\/h3>\n<ol>\n<li><strong>Installer le Support :<\/strong> Placez le support sur une surface plane et posez votre Rumbl ou Toppl dessus.<\/li>\n<li><strong>Fourrer le Jouet :<\/strong> Remplissez le jouet avec l\u2019aliment pr\u00e9f\u00e9r\u00e9 de votre animal (liquide, p\u00e2t\u00e9, fromage\u2026).<\/li>\n<li><strong>Congeler :<\/strong> Pour plus de stabilit\u00e9, utilisez nos supports sp\u00e9cialement con\u00e7us.<\/li>\n<li><strong>Retirer le Support :<\/strong> Avant de donner le jouet \u00e0 votre animal. Attention, le support n&#8217;est pas un jouet et peut constituer un risque d\u2019\u00e9touffement !<\/li>\n<\/ol>\n<h3>Mat\u00e9riaux Respectueux de l\u2019Environnement<\/h3>\n<p>Notre support est fabriqu\u00e9 \u00e0 partir de PETG, un mat\u00e9riau 100 % recyclable utilis\u00e9 dans les bouteilles d\u2019eau et les conteneurs alimentaires. Il est certifi\u00e9 \u201ccontact alimentaire\u201d selon les normes environnementales ROHS et REACH.<\/p>\n<h3>Entretien Facile<\/h3>\n<p>Compatible lave-vaisselle (programme d\u00e9licat), notre support est facile \u00e0 nettoyer.<\/p>\n<h3>Fabrication Fran\u00e7aise<\/h3>\n<p>Con\u00e7u et fabriqu\u00e9 en France, notre support peut pr\u00e9senter de l\u00e9g\u00e8res variations de couleur par rapport aux photos.<\/p>\n<p><strong>Note :<\/strong> Jouet et nourriture non inclus. Vendu \u00e0 l\u2019unit\u00e9.<\/p>\n<p>Simplifiez-vous la vie et gardez votre espace propre avec notre support pratique et \u00e9cologique !<\/p>\n<p>&nbsp;<\/p>\n","protected":false},"excerpt":{"rendered":"<p>Vous en avez assez de voir les garnitures pr\u00e9f\u00e9r\u00e9es de votre animal se r\u00e9pandre sur votre table ou dans votre cong\u00e9lateur ? Notre Support sp\u00e9cialement con\u00e7u est l\u00e0 pour vous simplifier la vie ! Maintenez Vos Jouets en Place Notre support est con\u00e7u pour maintenir tous les mod\u00e8les Rumbl et Toppl Zogoflex\u00ae en place, facilitant&#8230;<\/p>\n","protected":false},"featured_media":4847,"comment_status":"open","ping_status":"closed","template":"","meta":{"_kad_blocks_custom_css":"","_kad_blocks_head_custom_js":"","_kad_blocks_body_custom_js":"","_kad_blocks_footer_custom_js":"","_kad_post_transparent":"default","_kad_post_title":"","_kad_post_layout":"default","_kad_post_sidebar_id":"","_kad_post_content_style":"default","_kad_post_vertical_padding":"default","_kad_post_feature":"","_kad_post_feature_position":"","_kad_post_header":false,"_kad_post_footer":false,"_kad_post_classname":""},"product_brand":[],"product_cat":[747,26],"product_tag":[],"class_list":{"0":"post-4788","1":"product","2":"type-product","3":"status-publish","4":"has-post-thumbnail","6":"product_cat-bouchon","7":"product_cat-enrichissement","9":"first","10":"instock","11":"shipping-taxable","12":"purchasable","13":"product-type-simple","14":"entry","15":"content-bg","16":"loop-entry"},"yoast_head":"<!-- This site is optimized with the Yoast SEO Premium plugin v22.0 (Yoast SEO v27.5) - https:\/\/yoast.com\/product\/yoast-seo-premium-wordpress\/ -->\n<title>Support Jouet enrichissement chien Zogoflex - TANIERE 3D<\/title>\n<meta name=\"description\" content=\"Vous en avez assez que vos Rumbl ou Toppl tombent pendant le remplissage ? C&#039;est termin\u00e9 ! Gr\u00e2ce \u00e0 notre Support, votre jouet restera en place.\" \/>\n<meta name=\"robots\" content=\"index, follow, max-snippet:-1, max-image-preview:large, max-video-preview:-1\" \/>\n<link rel=\"canonical\" href=\"https:\/\/taniere3d.com\/en\/product\/support-pour-rumbl-toppl\/\" \/>\n<meta property=\"og:locale\" content=\"en_US\" \/>\n<meta property=\"og:type\" content=\"article\" \/>\n<meta property=\"og:title\" content=\"Support Jouet enrichissement chien Zogoflex\" \/>\n<meta property=\"og:description\" content=\"Vous en avez assez que vos Rumbl ou Toppl tombent pendant le remplissage ? C&#039;est termin\u00e9 ! Gr\u00e2ce \u00e0 notre Support, votre jouet restera en place.\" \/>\n<meta property=\"og:url\" content=\"https:\/\/taniere3d.com\/en\/product\/support-pour-rumbl-toppl\/\" \/>\n<meta property=\"og:site_name\" content=\"TANIERE 3D\" \/>\n<meta property=\"article:publisher\" content=\"https:\/\/www.facebook.com\/Taniere3D.fr\/\" \/>\n<meta property=\"article:modified_time\" content=\"2026-04-10T14:18:59+00:00\" \/>\n<meta property=\"og:image\" content=\"https:\/\/taniere3d.com\/wp-content\/uploads\/2024\/06\/Support-simple-scaled.jpg\" \/>\n\t<meta property=\"og:image:width\" content=\"2560\" \/>\n\t<meta property=\"og:image:height\" content=\"2560\" \/>\n\t<meta property=\"og:image:type\" content=\"image\/jpeg\" \/>\n<meta name=\"twitter:card\" content=\"summary_large_image\" \/>\n<meta name=\"twitter:label1\" content=\"Price\" \/>\n\t<meta name=\"twitter:data1\" content=\"4,00&nbsp;&euro;\" \/>\n\t<meta name=\"twitter:label2\" content=\"Availability\" \/>\n\t<meta name=\"twitter:data2\" content=\"In stock\" \/>\n<script type=\"application\/ld+json\" class=\"yoast-schema-graph\">{\"@context\":\"https:\\\/\\\/schema.org\",\"@graph\":[{\"@type\":\"WebPage\",\"@id\":\"https:\\\/\\\/taniere3d.com\\\/en\\\/product\\\/support-pour-rumbl-toppl\\\/\",\"url\":\"https:\\\/\\\/taniere3d.com\\\/en\\\/product\\\/support-pour-rumbl-toppl\\\/\",\"name\":\"Support Jouet enrichissement chien Zogoflex - TANIERE 3D\",\"isPartOf\":{\"@id\":\"https:\\\/\\\/taniere3d.com\\\/en\\\/#website\"},\"primaryImageOfPage\":{\"@id\":\"https:\\\/\\\/taniere3d.com\\\/en\\\/product\\\/support-pour-rumbl-toppl\\\/#primaryimage\"},\"image\":{\"@id\":\"https:\\\/\\\/taniere3d.com\\\/en\\\/product\\\/support-pour-rumbl-toppl\\\/#primaryimage\"},\"thumbnailUrl\":\"https:\\\/\\\/taniere3d.com\\\/wp-content\\\/uploads\\\/2024\\\/06\\\/Support-simple-scaled.jpg\",\"datePublished\":\"2024-08-15T09:12:47+00:00\",\"dateModified\":\"2026-04-10T14:18:59+00:00\",\"description\":\"Vous en avez assez que vos Rumbl ou Toppl tombent pendant le remplissage ? C'est termin\u00e9 ! Gr\u00e2ce \u00e0 notre Support, votre jouet restera en place.\",\"breadcrumb\":{\"@id\":\"https:\\\/\\\/taniere3d.com\\\/en\\\/product\\\/support-pour-rumbl-toppl\\\/#breadcrumb\"},\"inLanguage\":\"en-US\",\"potentialAction\":[{\"@type\":\"ReadAction\",\"target\":[\"https:\\\/\\\/taniere3d.com\\\/en\\\/product\\\/support-pour-rumbl-toppl\\\/\"]}]},{\"@type\":\"ImageObject\",\"inLanguage\":\"en-US\",\"@id\":\"https:\\\/\\\/taniere3d.com\\\/en\\\/product\\\/support-pour-rumbl-toppl\\\/#primaryimage\",\"url\":\"https:\\\/\\\/taniere3d.com\\\/wp-content\\\/uploads\\\/2024\\\/06\\\/Support-simple-scaled.jpg\",\"contentUrl\":\"https:\\\/\\\/taniere3d.com\\\/wp-content\\\/uploads\\\/2024\\\/06\\\/Support-simple-scaled.jpg\",\"width\":2560,\"height\":2560,\"caption\":\"Support pour Rumbl Toppl\"},{\"@type\":\"BreadcrumbList\",\"@id\":\"https:\\\/\\\/taniere3d.com\\\/en\\\/product\\\/support-pour-rumbl-toppl\\\/#breadcrumb\",\"itemListElement\":[{\"@type\":\"ListItem\",\"position\":1,\"name\":\"Accueil\",\"item\":\"https:\\\/\\\/taniere3d.com\\\/en\\\/\"},{\"@type\":\"ListItem\",\"position\":2,\"name\":\"Shop\",\"item\":\"https:\\\/\\\/taniere3d.com\\\/en\\\/shop\\\/\"},{\"@type\":\"ListItem\",\"position\":3,\"name\":\"Support Jouet enrichissement chien Zogoflex\"}]},{\"@type\":\"WebSite\",\"@id\":\"https:\\\/\\\/taniere3d.com\\\/en\\\/#website\",\"url\":\"https:\\\/\\\/taniere3d.com\\\/en\\\/\",\"name\":\"TANIERE 3D\",\"description\":\"Artisan in 3D Printing & Laser Engraving\",\"publisher\":{\"@id\":\"https:\\\/\\\/taniere3d.com\\\/en\\\/#organization\"},\"alternateName\":\"Taniere3D\",\"potentialAction\":[{\"@type\":\"SearchAction\",\"target\":{\"@type\":\"EntryPoint\",\"urlTemplate\":\"https:\\\/\\\/taniere3d.com\\\/en\\\/?s={search_term_string}\"},\"query-input\":{\"@type\":\"PropertyValueSpecification\",\"valueRequired\":true,\"valueName\":\"search_term_string\"}}],\"inLanguage\":\"en-US\"},{\"@type\":\"Organization\",\"@id\":\"https:\\\/\\\/taniere3d.com\\\/en\\\/#organization\",\"name\":\"Taniere 3D\",\"alternateName\":\"Taniere 3D\",\"url\":\"https:\\\/\\\/taniere3d.com\\\/en\\\/\",\"logo\":{\"@type\":\"ImageObject\",\"inLanguage\":\"en-US\",\"@id\":\"https:\\\/\\\/taniere3d.com\\\/en\\\/#\\\/schema\\\/logo\\\/image\\\/\",\"url\":\"https:\\\/\\\/taniere3d.com\\\/wp-content\\\/uploads\\\/2024\\\/01\\\/logo.png\",\"contentUrl\":\"https:\\\/\\\/taniere3d.com\\\/wp-content\\\/uploads\\\/2024\\\/01\\\/logo.png\",\"width\":448,\"height\":439,\"caption\":\"Taniere 3D\"},\"image\":{\"@id\":\"https:\\\/\\\/taniere3d.com\\\/en\\\/#\\\/schema\\\/logo\\\/image\\\/\"},\"sameAs\":[\"https:\\\/\\\/www.facebook.com\\\/Taniere3D.fr\\\/\",\"https:\\\/\\\/www.instagram.com\\\/Taniere3D\\\/\",\"https:\\\/\\\/www.pinterest.fr\\\/taniere3d\\\/\"],\"email\":\"taniere3d@gmail.com\",\"legalName\":\"NICOLAS PANETTA\",\"foundingDate\":\"2022-03-14\",\"vatID\":\"FR53911467918\",\"numberOfEmployees\":{\"@type\":\"QuantitativeValue\",\"minValue\":\"1\",\"maxValue\":\"10\"}}]}<\/script>\n<meta property=\"product:price:amount\" content=\"4.00\" \/>\n<meta property=\"product:price:currency\" content=\"EUR\" \/>\n<meta property=\"og:availability\" content=\"instock\" \/>\n<meta property=\"product:availability\" content=\"instock\" \/>\n<meta property=\"product:condition\" content=\"new\" \/>\n<!-- \/ Yoast SEO Premium plugin. -->","yoast_head_json":{"title":"Support Jouet enrichissement chien Zogoflex - TANIERE 3D","description":"Vous en avez assez que vos Rumbl ou Toppl tombent pendant le remplissage ? C'est termin\u00e9 ! Gr\u00e2ce \u00e0 notre Support, votre jouet restera en place.","robots":{"index":"index","follow":"follow","max-snippet":"max-snippet:-1","max-image-preview":"max-image-preview:large","max-video-preview":"max-video-preview:-1"},"canonical":"https:\/\/taniere3d.com\/en\/product\/support-pour-rumbl-toppl\/","og_locale":"en_US","og_type":"article","og_title":"Support Jouet enrichissement chien Zogoflex","og_description":"Vous en avez assez que vos Rumbl ou Toppl tombent pendant le remplissage ? C'est termin\u00e9 ! Gr\u00e2ce \u00e0 notre Support, votre jouet restera en place.","og_url":"https:\/\/taniere3d.com\/en\/product\/support-pour-rumbl-toppl\/","og_site_name":"TANIERE 3D","article_publisher":"https:\/\/www.facebook.com\/Taniere3D.fr\/","article_modified_time":"2026-04-10T14:18:59+00:00","og_image":[{"width":2560,"height":2560,"url":"https:\/\/taniere3d.com\/wp-content\/uploads\/2024\/06\/Support-simple-scaled.jpg","type":"image\/jpeg"}],"twitter_card":"summary_large_image","twitter_misc":{"Price":"4,00&nbsp;&euro;","Availability":"In stock"},"schema":{"@context":"https:\/\/schema.org","@graph":[{"@type":"WebPage","@id":"https:\/\/taniere3d.com\/en\/product\/support-pour-rumbl-toppl\/","url":"https:\/\/taniere3d.com\/en\/product\/support-pour-rumbl-toppl\/","name":"Support Jouet enrichissement chien Zogoflex - TANIERE 3D","isPartOf":{"@id":"https:\/\/taniere3d.com\/en\/#website"},"primaryImageOfPage":{"@id":"https:\/\/taniere3d.com\/en\/product\/support-pour-rumbl-toppl\/#primaryimage"},"image":{"@id":"https:\/\/taniere3d.com\/en\/product\/support-pour-rumbl-toppl\/#primaryimage"},"thumbnailUrl":"https:\/\/taniere3d.com\/wp-content\/uploads\/2024\/06\/Support-simple-scaled.jpg","datePublished":"2024-08-15T09:12:47+00:00","dateModified":"2026-04-10T14:18:59+00:00","description":"Vous en avez assez que vos Rumbl ou Toppl tombent pendant le remplissage ? C'est termin\u00e9 ! Gr\u00e2ce \u00e0 notre Support, votre jouet restera en place.","breadcrumb":{"@id":"https:\/\/taniere3d.com\/en\/product\/support-pour-rumbl-toppl\/#breadcrumb"},"inLanguage":"en-US","potentialAction":[{"@type":"ReadAction","target":["https:\/\/taniere3d.com\/en\/product\/support-pour-rumbl-toppl\/"]}]},{"@type":"ImageObject","inLanguage":"en-US","@id":"https:\/\/taniere3d.com\/en\/product\/support-pour-rumbl-toppl\/#primaryimage","url":"https:\/\/taniere3d.com\/wp-content\/uploads\/2024\/06\/Support-simple-scaled.jpg","contentUrl":"https:\/\/taniere3d.com\/wp-content\/uploads\/2024\/06\/Support-simple-scaled.jpg","width":2560,"height":2560,"caption":"Support pour Rumbl Toppl"},{"@type":"BreadcrumbList","@id":"https:\/\/taniere3d.com\/en\/product\/support-pour-rumbl-toppl\/#breadcrumb","itemListElement":[{"@type":"ListItem","position":1,"name":"Accueil","item":"https:\/\/taniere3d.com\/en\/"},{"@type":"ListItem","position":2,"name":"Shop","item":"https:\/\/taniere3d.com\/en\/shop\/"},{"@type":"ListItem","position":3,"name":"Support Jouet enrichissement chien Zogoflex"}]},{"@type":"WebSite","@id":"https:\/\/taniere3d.com\/en\/#website","url":"https:\/\/taniere3d.com\/en\/","name":"TANIERE 3D","description":"Artisan in 3D Printing & Laser Engraving","publisher":{"@id":"https:\/\/taniere3d.com\/en\/#organization"},"alternateName":"Taniere3D","potentialAction":[{"@type":"SearchAction","target":{"@type":"EntryPoint","urlTemplate":"https:\/\/taniere3d.com\/en\/?s={search_term_string}"},"query-input":{"@type":"PropertyValueSpecification","valueRequired":true,"valueName":"search_term_string"}}],"inLanguage":"en-US"},{"@type":"Organization","@id":"https:\/\/taniere3d.com\/en\/#organization","name":"Taniere 3D","alternateName":"Taniere 3D","url":"https:\/\/taniere3d.com\/en\/","logo":{"@type":"ImageObject","inLanguage":"en-US","@id":"https:\/\/taniere3d.com\/en\/#\/schema\/logo\/image\/","url":"https:\/\/taniere3d.com\/wp-content\/uploads\/2024\/01\/logo.png","contentUrl":"https:\/\/taniere3d.com\/wp-content\/uploads\/2024\/01\/logo.png","width":448,"height":439,"caption":"Taniere 3D"},"image":{"@id":"https:\/\/taniere3d.com\/en\/#\/schema\/logo\/image\/"},"sameAs":["https:\/\/www.facebook.com\/Taniere3D.fr\/","https:\/\/www.instagram.com\/Taniere3D\/","https:\/\/www.pinterest.fr\/taniere3d\/"],"email":"taniere3d@gmail.com","legalName":"NICOLAS PANETTA","foundingDate":"2022-03-14","vatID":"FR53911467918","numberOfEmployees":{"@type":"QuantitativeValue","minValue":"1","maxValue":"10"}}]},"product_price_amount":"4.00","product_price_currency":"EUR","og_availability":"instock","product_availability":"instock","product_condition":"new"},"taxonomy_info":{"product_cat":[{"value":747,"label":"Bouchon"},{"value":26,"label":"Enrichissement"}]},"featured_image_src_large":["https:\/\/taniere3d.com\/wp-content\/uploads\/2024\/06\/Support-simple-1024x1024.jpg",1024,1024,true],"author_info":[],"comment_info":0,"_links":{"self":[{"href":"https:\/\/taniere3d.com\/en\/wp-json\/wp\/v2\/product\/4788","targetHints":{"allow":["GET"]}}],"collection":[{"href":"https:\/\/taniere3d.com\/en\/wp-json\/wp\/v2\/product"}],"about":[{"href":"https:\/\/taniere3d.com\/en\/wp-json\/wp\/v2\/types\/product"}],"replies":[{"embeddable":true,"href":"https:\/\/taniere3d.com\/en\/wp-json\/wp\/v2\/comments?post=4788"}],"wp:featuredmedia":[{"embeddable":true,"href":"https:\/\/taniere3d.com\/en\/wp-json\/wp\/v2\/media\/4847"}],"wp:attachment":[{"href":"https:\/\/taniere3d.com\/en\/wp-json\/wp\/v2\/media?parent=4788"}],"wp:term":[{"taxonomy":"product_brand","embeddable":true,"href":"https:\/\/taniere3d.com\/en\/wp-json\/wp\/v2\/product_brand?post=4788"},{"taxonomy":"product_cat","embeddable":true,"href":"https:\/\/taniere3d.com\/en\/wp-json\/wp\/v2\/product_cat?post=4788"},{"taxonomy":"product_tag","embeddable":true,"href":"https:\/\/taniere3d.com\/en\/wp-json\/wp\/v2\/product_tag?post=4788"}],"curies":[{"name":"wp","href":"https:\/\/api.w.org\/{rel}","templated":true}]}}