{"id":4845,"date":"2024-08-15T11:20:40","date_gmt":"2024-08-15T09:20:40","guid":{"rendered":"https:\/\/taniere3d.com\/?post_type=product&#038;p=4845"},"modified":"2026-04-10T16:18:58","modified_gmt":"2026-04-10T14:18:58","slug":"halteres-en-bois-pour-obeissance-canine","status":"publish","type":"product","link":"https:\/\/taniere3d.com\/en\/product\/halteres-en-bois-pour-obeissance-canine\/","title":{"rendered":"Halt\u00e8res en Bois pour Ob\u00e9issance Canine"},"content":{"rendered":"<div class=\"flex flex-grow flex-col max-w-full\">\n<div class=\"min-h-[20px] text-message flex flex-col items-start whitespace-pre-wrap break-words [.text-message+&amp;]:mt-5 juice:w-full juice:items-end overflow-x-auto gap-2\" dir=\"auto\" data-message-author-role=\"assistant\" data-message-id=\"a63c8b16-b313-4d2a-b718-3eedb315509b\">\n<div class=\"flex w-full flex-col gap-1 juice:empty:hidden juice:first:pt-[3px]\">\n<div class=\"markdown prose w-full break-words dark:prose-invert light\">\n<p><strong>Id\u00e9al pour votre chien<\/strong><br \/>\nD\u00e9couvrez nos Halt\u00e8res en bois sp\u00e9cialement con\u00e7ues pour l&#8217;ob\u00e9issance canine. Ces halt\u00e8res sont parfaites pour les entra\u00eenements et les comp\u00e9titions, aidant votre chien \u00e0 d\u00e9velopper des comp\u00e9tences essentielles tout en s&#8217;amusant.<\/p>\n<p><strong>Disponible en 3 tailles<\/strong><br \/>\nPour convenir \u00e0 toutes les races et tailles de chiens, nos halt\u00e8res existent en trois dimensions :<\/p>\n<ul>\n<li><strong>Taille S<\/strong> : Longueur de la tige centrale\u00a0 : 10 cm- Diam\u00e8tre de la tige centrale: 1.8 cm\u00a0 &#8211; Largeur: 8 cm &#8211; Hauteur c\u00f4t\u00e9 : 8 cm &#8211; Poids: 138g<\/li>\n<li><strong style=\"font-family: var(--global-body-font-family);\">Taille M<\/strong><span style=\"font-family: var(--global-body-font-family);\"> : Longueur de la tige centrale\u00a0 : 12cm &#8211; Diam\u00e8tre de la tige centrale: 2.5 cm- Largeur: 11 cm- Hauteur c\u00f4t\u00e9 : 11 cm &#8211; Poids : 260g<\/span><\/li>\n<li><strong>Taille L<\/strong> :<span style=\"font-family: var(--global-body-font-family);\"> Longueur de la tige centrale : 14cm &#8211; Diam\u00e8tre de la tige centrale: 3 cm &#8211; Largeur: 14 cm- Hauteur c\u00f4t\u00e9: 14cm &#8211; Poids: 420g<\/span><\/li>\n<\/ul>\n<p><strong>Personnalisez votre halt\u00e8re<\/strong><br \/>\nAjoutez une touche de couleur \u00e0 vos s\u00e9ances d&#8217;entra\u00eenement avec nos six options de couleurs vibrantes :<\/p>\n<ul>\n<li><strong>Rose\u00a0<\/strong><\/li>\n<li><strong>Jaune\u00a0<\/strong><\/li>\n<li><strong>Bleu<\/strong><\/li>\n<li><strong>Vert Turquoise<\/strong><\/li>\n<li><strong>Orange\u00a0<\/strong><\/li>\n<li><strong>Naturel<\/strong><\/li>\n<\/ul>\n<div class=\"markdown prose w-full break-words dark:prose-invert light\">\n<p><strong>Caract\u00e9ristiques principales<\/strong>\u00a0:<\/p>\n<p>Fabriqu\u00e9es en bois de haute qualit\u00e9 pour une durabilit\u00e9 optimale.<\/p>\n<\/div>\n<div class=\"markdown prose w-full break-words dark:prose-invert light\">Finition lisse pour une prise en main confortable.<\/div>\n<div class=\"markdown prose w-full break-words dark:prose-invert light\">\n<p>Conception robuste et s\u00e9curis\u00e9e pour une utilisation sans danger par votre chien.<\/p>\n<p><strong>Avantages<\/strong>\u00a0:<\/p>\n<p>Am\u00e9liore l\u2019ob\u00e9issance et la discipline de votre chien. Stimule mentalement et physiquement votre compagnon.<\/p>\n<\/div>\n<div class=\"markdown prose w-full break-words dark:prose-invert light\">Id\u00e9al pour les exercices de rapport d\u2019objet et autres activit\u00e9s d\u2019entra\u00eenement.<\/div>\n<div class=\"markdown prose w-full break-words dark:prose-invert light\">Optez pour nos halt\u00e8res en bois pour offrir \u00e0 votre chien un outil d\u2019entra\u00eenement fiable et esth\u00e9tiquement plaisant. Rendez l\u2019ob\u00e9issance amusante et color\u00e9e !<\/div>\n<\/div>\n<\/div>\n<\/div>\n<\/div>\n","protected":false},"excerpt":{"rendered":"<p>Id\u00e9al pour votre chien D\u00e9couvrez nos Halt\u00e8res en bois sp\u00e9cialement con\u00e7ues pour l&#8217;ob\u00e9issance canine. Ces halt\u00e8res sont parfaites pour les entra\u00eenements et les comp\u00e9titions, aidant votre chien \u00e0 d\u00e9velopper des comp\u00e9tences essentielles tout en s&#8217;amusant. Disponible en 3 tailles Pour convenir \u00e0 toutes les races et tailles de chiens, nos halt\u00e8res existent en trois dimensions&#8230;<\/p>\n","protected":false},"featured_media":5030,"comment_status":"open","ping_status":"closed","template":"","meta":{"_kad_blocks_custom_css":"","_kad_blocks_head_custom_js":"","_kad_blocks_body_custom_js":"","_kad_blocks_footer_custom_js":"","_kad_post_transparent":"default","_kad_post_title":"","_kad_post_layout":"default","_kad_post_sidebar_id":"","_kad_post_content_style":"default","_kad_post_vertical_padding":"default","_kad_post_feature":"","_kad_post_feature_position":"","_kad_post_header":false,"_kad_post_footer":false,"_kad_post_classname":""},"product_brand":[],"product_cat":[778],"product_tag":[],"class_list":{"0":"post-4845","1":"product","2":"type-product","3":"status-publish","4":"has-post-thumbnail","6":"product_cat-education","8":"first","9":"instock","10":"shipping-taxable","11":"purchasable","12":"product-type-variable","13":"entry","14":"content-bg","15":"loop-entry"},"yoast_head":"<!-- This site is optimized with the Yoast SEO Premium plugin v22.0 (Yoast SEO v27.5) - https:\/\/yoast.com\/product\/yoast-seo-premium-wordpress\/ -->\n<title>Halt\u00e8res en Bois pour Ob\u00e9issance Canine - TANIERE 3D<\/title>\n<meta name=\"description\" content=\"Halt\u00e8res en bois robustes, l\u00e9g\u00e8res et s\u00fbres, id\u00e9ales pour l&#039;ob\u00e9issance canine, r\u00e9sistantes aux crocs, disponibles en plusieurs tailles et couleurs.\" \/>\n<meta name=\"robots\" content=\"index, follow, max-snippet:-1, max-image-preview:large, max-video-preview:-1\" \/>\n<link rel=\"canonical\" href=\"https:\/\/taniere3d.com\/en\/product\/halteres-en-bois-pour-obeissance-canine\/\" \/>\n<meta property=\"og:locale\" content=\"en_US\" \/>\n<meta property=\"og:type\" content=\"article\" \/>\n<meta property=\"og:title\" content=\"Halt\u00e8res en Bois pour Ob\u00e9issance Canine\" \/>\n<meta property=\"og:description\" content=\"Halt\u00e8res en bois robustes, l\u00e9g\u00e8res et s\u00fbres, id\u00e9ales pour l&#039;ob\u00e9issance canine, r\u00e9sistantes aux crocs, disponibles en plusieurs tailles et couleurs.\" \/>\n<meta property=\"og:url\" content=\"https:\/\/taniere3d.com\/en\/product\/halteres-en-bois-pour-obeissance-canine\/\" \/>\n<meta property=\"og:site_name\" content=\"TANIERE 3D\" \/>\n<meta property=\"article:publisher\" content=\"https:\/\/www.facebook.com\/Taniere3D.fr\/\" \/>\n<meta property=\"article:modified_time\" content=\"2026-04-10T14:18:58+00:00\" \/>\n<meta property=\"og:image\" content=\"https:\/\/taniere3d.com\/wp-content\/uploads\/2024\/07\/ENSEMBLE-HALTERES-scaled.jpg\" \/>\n\t<meta property=\"og:image:width\" content=\"2560\" \/>\n\t<meta property=\"og:image:height\" content=\"2560\" \/>\n\t<meta property=\"og:image:type\" content=\"image\/jpeg\" \/>\n<meta name=\"twitter:card\" content=\"summary_large_image\" \/>\n<meta name=\"twitter:label1\" content=\"Availability\" \/>\n\t<meta name=\"twitter:data1\" content=\"In stock\" \/>\n<script type=\"application\/ld+json\" class=\"yoast-schema-graph\">{\"@context\":\"https:\\\/\\\/schema.org\",\"@graph\":[{\"@type\":\"WebPage\",\"@id\":\"https:\\\/\\\/taniere3d.com\\\/en\\\/product\\\/halteres-en-bois-pour-obeissance-canine\\\/\",\"url\":\"https:\\\/\\\/taniere3d.com\\\/en\\\/product\\\/halteres-en-bois-pour-obeissance-canine\\\/\",\"name\":\"Halt\u00e8res en Bois pour Ob\u00e9issance Canine - TANIERE 3D\",\"isPartOf\":{\"@id\":\"https:\\\/\\\/taniere3d.com\\\/en\\\/#website\"},\"primaryImageOfPage\":{\"@id\":\"https:\\\/\\\/taniere3d.com\\\/en\\\/product\\\/halteres-en-bois-pour-obeissance-canine\\\/#primaryimage\"},\"image\":{\"@id\":\"https:\\\/\\\/taniere3d.com\\\/en\\\/product\\\/halteres-en-bois-pour-obeissance-canine\\\/#primaryimage\"},\"thumbnailUrl\":\"https:\\\/\\\/taniere3d.com\\\/wp-content\\\/uploads\\\/2024\\\/07\\\/ENSEMBLE-HALTERES-scaled.jpg\",\"datePublished\":\"2024-08-15T09:20:40+00:00\",\"dateModified\":\"2026-04-10T14:18:58+00:00\",\"description\":\"Halt\u00e8res en bois robustes, l\u00e9g\u00e8res et s\u00fbres, id\u00e9ales pour l'ob\u00e9issance canine, r\u00e9sistantes aux crocs, disponibles en plusieurs tailles et couleurs.\",\"breadcrumb\":{\"@id\":\"https:\\\/\\\/taniere3d.com\\\/en\\\/product\\\/halteres-en-bois-pour-obeissance-canine\\\/#breadcrumb\"},\"inLanguage\":\"en-US\",\"potentialAction\":[{\"@type\":\"ReadAction\",\"target\":[\"https:\\\/\\\/taniere3d.com\\\/en\\\/product\\\/halteres-en-bois-pour-obeissance-canine\\\/\"]}]},{\"@type\":\"ImageObject\",\"inLanguage\":\"en-US\",\"@id\":\"https:\\\/\\\/taniere3d.com\\\/en\\\/product\\\/halteres-en-bois-pour-obeissance-canine\\\/#primaryimage\",\"url\":\"https:\\\/\\\/taniere3d.com\\\/wp-content\\\/uploads\\\/2024\\\/07\\\/ENSEMBLE-HALTERES-scaled.jpg\",\"contentUrl\":\"https:\\\/\\\/taniere3d.com\\\/wp-content\\\/uploads\\\/2024\\\/07\\\/ENSEMBLE-HALTERES-scaled.jpg\",\"width\":2560,\"height\":2560,\"caption\":\"Halt\u00e8res ensemble en Bois\"},{\"@type\":\"BreadcrumbList\",\"@id\":\"https:\\\/\\\/taniere3d.com\\\/en\\\/product\\\/halteres-en-bois-pour-obeissance-canine\\\/#breadcrumb\",\"itemListElement\":[{\"@type\":\"ListItem\",\"position\":1,\"name\":\"Accueil\",\"item\":\"https:\\\/\\\/taniere3d.com\\\/en\\\/\"},{\"@type\":\"ListItem\",\"position\":2,\"name\":\"Shop\",\"item\":\"https:\\\/\\\/taniere3d.com\\\/en\\\/shop\\\/\"},{\"@type\":\"ListItem\",\"position\":3,\"name\":\"Halt\u00e8res en Bois pour Ob\u00e9issance Canine\"}]},{\"@type\":\"WebSite\",\"@id\":\"https:\\\/\\\/taniere3d.com\\\/en\\\/#website\",\"url\":\"https:\\\/\\\/taniere3d.com\\\/en\\\/\",\"name\":\"TANIERE 3D\",\"description\":\"Artisan in 3D Printing & Laser Engraving\",\"publisher\":{\"@id\":\"https:\\\/\\\/taniere3d.com\\\/en\\\/#organization\"},\"alternateName\":\"Taniere3D\",\"potentialAction\":[{\"@type\":\"SearchAction\",\"target\":{\"@type\":\"EntryPoint\",\"urlTemplate\":\"https:\\\/\\\/taniere3d.com\\\/en\\\/?s={search_term_string}\"},\"query-input\":{\"@type\":\"PropertyValueSpecification\",\"valueRequired\":true,\"valueName\":\"search_term_string\"}}],\"inLanguage\":\"en-US\"},{\"@type\":\"Organization\",\"@id\":\"https:\\\/\\\/taniere3d.com\\\/en\\\/#organization\",\"name\":\"Taniere 3D\",\"alternateName\":\"Taniere 3D\",\"url\":\"https:\\\/\\\/taniere3d.com\\\/en\\\/\",\"logo\":{\"@type\":\"ImageObject\",\"inLanguage\":\"en-US\",\"@id\":\"https:\\\/\\\/taniere3d.com\\\/en\\\/#\\\/schema\\\/logo\\\/image\\\/\",\"url\":\"https:\\\/\\\/taniere3d.com\\\/wp-content\\\/uploads\\\/2024\\\/01\\\/logo.png\",\"contentUrl\":\"https:\\\/\\\/taniere3d.com\\\/wp-content\\\/uploads\\\/2024\\\/01\\\/logo.png\",\"width\":448,\"height\":439,\"caption\":\"Taniere 3D\"},\"image\":{\"@id\":\"https:\\\/\\\/taniere3d.com\\\/en\\\/#\\\/schema\\\/logo\\\/image\\\/\"},\"sameAs\":[\"https:\\\/\\\/www.facebook.com\\\/Taniere3D.fr\\\/\",\"https:\\\/\\\/www.instagram.com\\\/Taniere3D\\\/\",\"https:\\\/\\\/www.pinterest.fr\\\/taniere3d\\\/\"],\"email\":\"taniere3d@gmail.com\",\"legalName\":\"NICOLAS PANETTA\",\"foundingDate\":\"2022-03-14\",\"vatID\":\"FR53911467918\",\"numberOfEmployees\":{\"@type\":\"QuantitativeValue\",\"minValue\":\"1\",\"maxValue\":\"10\"}}]}<\/script>\n<meta property=\"og:availability\" content=\"instock\" \/>\n<meta property=\"product:availability\" content=\"instock\" \/>\n<meta property=\"product:condition\" content=\"new\" \/>\n<!-- \/ Yoast SEO Premium plugin. -->","yoast_head_json":{"title":"Halt\u00e8res en Bois pour Ob\u00e9issance Canine - TANIERE 3D","description":"Halt\u00e8res en bois robustes, l\u00e9g\u00e8res et s\u00fbres, id\u00e9ales pour l'ob\u00e9issance canine, r\u00e9sistantes aux crocs, disponibles en plusieurs tailles et couleurs.","robots":{"index":"index","follow":"follow","max-snippet":"max-snippet:-1","max-image-preview":"max-image-preview:large","max-video-preview":"max-video-preview:-1"},"canonical":"https:\/\/taniere3d.com\/en\/product\/halteres-en-bois-pour-obeissance-canine\/","og_locale":"en_US","og_type":"article","og_title":"Halt\u00e8res en Bois pour Ob\u00e9issance Canine","og_description":"Halt\u00e8res en bois robustes, l\u00e9g\u00e8res et s\u00fbres, id\u00e9ales pour l'ob\u00e9issance canine, r\u00e9sistantes aux crocs, disponibles en plusieurs tailles et couleurs.","og_url":"https:\/\/taniere3d.com\/en\/product\/halteres-en-bois-pour-obeissance-canine\/","og_site_name":"TANIERE 3D","article_publisher":"https:\/\/www.facebook.com\/Taniere3D.fr\/","article_modified_time":"2026-04-10T14:18:58+00:00","og_image":[{"width":2560,"height":2560,"url":"https:\/\/taniere3d.com\/wp-content\/uploads\/2024\/07\/ENSEMBLE-HALTERES-scaled.jpg","type":"image\/jpeg"}],"twitter_card":"summary_large_image","twitter_misc":{"Availability":"In stock"},"schema":{"@context":"https:\/\/schema.org","@graph":[{"@type":"WebPage","@id":"https:\/\/taniere3d.com\/en\/product\/halteres-en-bois-pour-obeissance-canine\/","url":"https:\/\/taniere3d.com\/en\/product\/halteres-en-bois-pour-obeissance-canine\/","name":"Halt\u00e8res en Bois pour Ob\u00e9issance Canine - TANIERE 3D","isPartOf":{"@id":"https:\/\/taniere3d.com\/en\/#website"},"primaryImageOfPage":{"@id":"https:\/\/taniere3d.com\/en\/product\/halteres-en-bois-pour-obeissance-canine\/#primaryimage"},"image":{"@id":"https:\/\/taniere3d.com\/en\/product\/halteres-en-bois-pour-obeissance-canine\/#primaryimage"},"thumbnailUrl":"https:\/\/taniere3d.com\/wp-content\/uploads\/2024\/07\/ENSEMBLE-HALTERES-scaled.jpg","datePublished":"2024-08-15T09:20:40+00:00","dateModified":"2026-04-10T14:18:58+00:00","description":"Halt\u00e8res en bois robustes, l\u00e9g\u00e8res et s\u00fbres, id\u00e9ales pour l'ob\u00e9issance canine, r\u00e9sistantes aux crocs, disponibles en plusieurs tailles et couleurs.","breadcrumb":{"@id":"https:\/\/taniere3d.com\/en\/product\/halteres-en-bois-pour-obeissance-canine\/#breadcrumb"},"inLanguage":"en-US","potentialAction":[{"@type":"ReadAction","target":["https:\/\/taniere3d.com\/en\/product\/halteres-en-bois-pour-obeissance-canine\/"]}]},{"@type":"ImageObject","inLanguage":"en-US","@id":"https:\/\/taniere3d.com\/en\/product\/halteres-en-bois-pour-obeissance-canine\/#primaryimage","url":"https:\/\/taniere3d.com\/wp-content\/uploads\/2024\/07\/ENSEMBLE-HALTERES-scaled.jpg","contentUrl":"https:\/\/taniere3d.com\/wp-content\/uploads\/2024\/07\/ENSEMBLE-HALTERES-scaled.jpg","width":2560,"height":2560,"caption":"Halt\u00e8res ensemble en Bois"},{"@type":"BreadcrumbList","@id":"https:\/\/taniere3d.com\/en\/product\/halteres-en-bois-pour-obeissance-canine\/#breadcrumb","itemListElement":[{"@type":"ListItem","position":1,"name":"Accueil","item":"https:\/\/taniere3d.com\/en\/"},{"@type":"ListItem","position":2,"name":"Shop","item":"https:\/\/taniere3d.com\/en\/shop\/"},{"@type":"ListItem","position":3,"name":"Halt\u00e8res en Bois pour Ob\u00e9issance Canine"}]},{"@type":"WebSite","@id":"https:\/\/taniere3d.com\/en\/#website","url":"https:\/\/taniere3d.com\/en\/","name":"TANIERE 3D","description":"Artisan in 3D Printing & Laser Engraving","publisher":{"@id":"https:\/\/taniere3d.com\/en\/#organization"},"alternateName":"Taniere3D","potentialAction":[{"@type":"SearchAction","target":{"@type":"EntryPoint","urlTemplate":"https:\/\/taniere3d.com\/en\/?s={search_term_string}"},"query-input":{"@type":"PropertyValueSpecification","valueRequired":true,"valueName":"search_term_string"}}],"inLanguage":"en-US"},{"@type":"Organization","@id":"https:\/\/taniere3d.com\/en\/#organization","name":"Taniere 3D","alternateName":"Taniere 3D","url":"https:\/\/taniere3d.com\/en\/","logo":{"@type":"ImageObject","inLanguage":"en-US","@id":"https:\/\/taniere3d.com\/en\/#\/schema\/logo\/image\/","url":"https:\/\/taniere3d.com\/wp-content\/uploads\/2024\/01\/logo.png","contentUrl":"https:\/\/taniere3d.com\/wp-content\/uploads\/2024\/01\/logo.png","width":448,"height":439,"caption":"Taniere 3D"},"image":{"@id":"https:\/\/taniere3d.com\/en\/#\/schema\/logo\/image\/"},"sameAs":["https:\/\/www.facebook.com\/Taniere3D.fr\/","https:\/\/www.instagram.com\/Taniere3D\/","https:\/\/www.pinterest.fr\/taniere3d\/"],"email":"taniere3d@gmail.com","legalName":"NICOLAS PANETTA","foundingDate":"2022-03-14","vatID":"FR53911467918","numberOfEmployees":{"@type":"QuantitativeValue","minValue":"1","maxValue":"10"}}]},"og_availability":"instock","product_availability":"instock","product_condition":"new"},"taxonomy_info":{"product_cat":[{"value":778,"label":"Education"}]},"featured_image_src_large":["https:\/\/taniere3d.com\/wp-content\/uploads\/2024\/07\/ENSEMBLE-HALTERES-1024x1024.jpg",1024,1024,true],"author_info":[],"comment_info":0,"_links":{"self":[{"href":"https:\/\/taniere3d.com\/en\/wp-json\/wp\/v2\/product\/4845","targetHints":{"allow":["GET"]}}],"collection":[{"href":"https:\/\/taniere3d.com\/en\/wp-json\/wp\/v2\/product"}],"about":[{"href":"https:\/\/taniere3d.com\/en\/wp-json\/wp\/v2\/types\/product"}],"replies":[{"embeddable":true,"href":"https:\/\/taniere3d.com\/en\/wp-json\/wp\/v2\/comments?post=4845"}],"wp:featuredmedia":[{"embeddable":true,"href":"https:\/\/taniere3d.com\/en\/wp-json\/wp\/v2\/media\/5030"}],"wp:attachment":[{"href":"https:\/\/taniere3d.com\/en\/wp-json\/wp\/v2\/media?parent=4845"}],"wp:term":[{"taxonomy":"product_brand","embeddable":true,"href":"https:\/\/taniere3d.com\/en\/wp-json\/wp\/v2\/product_brand?post=4845"},{"taxonomy":"product_cat","embeddable":true,"href":"https:\/\/taniere3d.com\/en\/wp-json\/wp\/v2\/product_cat?post=4845"},{"taxonomy":"product_tag","embeddable":true,"href":"https:\/\/taniere3d.com\/en\/wp-json\/wp\/v2\/product_tag?post=4845"}],"curies":[{"name":"wp","href":"https:\/\/api.w.org\/{rel}","templated":true}]}}